{"id":33546,"date":"2024-10-21T19:38:09","date_gmt":"2024-10-21T19:38:09","guid":{"rendered":"https:\/\/zonacuriosa.com.br\/?page_id=33546"},"modified":"2024-10-21T19:38:11","modified_gmt":"2024-10-21T19:38:11","slug":"terms","status":"publish","type":"page","link":"https:\/\/zonacuriosa.com.br\/es\/terms\/","title":{"rendered":"T\u00e9rminos de uso \u2013 Zona Curiosa"},"content":{"rendered":"<div class=\"mx-5 sm:mx-0 prose leading-relaxed text-lg mb-5 text-left wp-paragraph\">\n<p>Actualizado el 18 de octubre de 2024.<\/p>\n<\/div><div class=\"mx-5 sm:mx-0 prose leading-relaxed text-lg mb-5 text-left wp-paragraph\">\n<p>Zona Curiosa es entidad gestora de su propia p\u00e1gina web, a la que se puede acceder a trav\u00e9s del enlace <a style=\" color:;\" href=\"https:\/\/zonacuriosa.com.br\/es\/\">https:\/\/zonacuriosa.com.br\/<\/a>. Cuando decimos \u201cnosotros\u201d o \u201cnuestro\u201d, nos referimos al equipo administrativo de Zona Curiosa. El portal presenta una rica diversidad de informaci\u00f3n, servicios y contenidos, y acceder a \u00e9l implica aceptar plenamente nuestros t\u00e9rminos, condiciones y pol\u00edticas.<\/p>\n<\/div><div class=\"mx-5 sm:mx-0 prose leading-relaxed text-lg mb-5 text-left wp-paragraph\">\n<p>El sitio se destaca como una fuente crucial en el espacio digital, ya que ofrece contenido educativo y rese\u00f1as detalladas de una variedad de productos y servicios, que incluyen trivia, temas de actualidad, consejos de salud y entretenimiento de fuentes locales e internacionales.<\/p>\n<\/div><div class=\"mx-5 sm:mx-0 prose leading-relaxed text-lg mb-5 text-left wp-paragraph\">\n<p>Destacamos que interactuar con este sitio web requiere la aceptaci\u00f3n de los T\u00e9rminos de uso y la Pol\u00edtica de privacidad, accesibles en <a style=\" color:;\" href=\"https:\/\/zonacuriosa.com.br\/es\/privacy\/\">https:\/\/zonacuriosa.com.br\/privacy\/<\/a>, de conformidad con la legislaci\u00f3n pertinente.<\/p>\n<\/div><div class=\"mx-5 sm:mx-0 prose leading-relaxed text-lg mb-5 text-left wp-paragraph\">\n<p>Los T\u00e9rminos y Condiciones Generales de Uso aqu\u00ed especificados tienen como objetivo aclarar las responsabilidades, deberes y derechos de todo usuario que explore o utilice el sitio web de Zona Curiosa, tal y como se explicar\u00e1 detalladamente.<\/p>\n<\/div><div class=\"mx-5 sm:mx-0 prose leading-relaxed text-lg mb-5 text-left wp-paragraph\">\n<p><strong>Es fundamental que revise detenidamente los T\u00e9rminos de uso antes de continuar. Si no est\u00e1 de acuerdo con los t\u00e9rminos presentados, le solicitamos que no utilice los servicios de Zona Curiosa.<\/strong><\/p>\n<\/div><!--advertisement--><div class=\"mx-5 sm:mx-0 sm:text-3xl text-2xl font-medium title-font mb-4 text-gray-900 text-left\">\n<h2 class=\"wp-block-heading\">Secci\u00f3n I \u2013 Acceso y Uso de la Zona Curiosa<\/h2>\n<\/div><div class=\"mx-5 sm:mx-0 prose leading-relaxed text-lg mb-5 text-left wp-paragraph\">\n<p><strong>1.1 <\/strong>Al navegar e interactuar con el sitio web de Zona Curiosa, usted, como usuario, se compromete a cumplir con los T\u00e9rminos y Condiciones Generales de Uso as\u00ed como la Pol\u00edtica de Privacidad definida por el sitio web.<\/p>\n<\/div><div class=\"mx-5 sm:mx-0 prose leading-relaxed text-lg mb-5 text-left wp-paragraph\">\n<p><strong>1.2 <\/strong>Al utilizar Zona Curiosa declaras tener al menos 18 a\u00f1os de edad y tener capacidad legal para aceptar y cumplir los presentes T\u00e9rminos y Condiciones de Uso.<\/p>\n<\/div><div class=\"mx-5 sm:mx-0 prose leading-relaxed text-lg mb-5 text-left wp-paragraph\">\n<p><strong>1.3 <\/strong>Si no cumples los requisitos de edad o capacidad legal, o si no est\u00e1s de acuerdo con los T\u00e9rminos y Condiciones de Uso, deber\u00e1s abstenerte de acceder y utilizar Zona Curiosa, as\u00ed como cualquier otro sitio web o servicio asociado.<\/p>\n<\/div><!--advertisement--><div class=\"mx-5 sm:mx-0 sm:text-3xl text-2xl font-medium title-font mb-4 text-gray-900 text-left\">\n<h2 class=\"wp-block-heading\">Secci\u00f3n II \u2013 Canales de comunicaci\u00f3n directa<\/h2>\n<\/div><div class=\"mx-5 sm:mx-0 prose leading-relaxed text-lg mb-5 text-left wp-paragraph\">\n<p><strong>2.1 <\/strong>Zona Curiosa ofrece un servicio de atenci\u00f3n al usuario para aclaraciones, resoluci\u00f3n de incidencias, registro de quejas u obtenci\u00f3n de informaci\u00f3n adicional sobre productos y servicios disponibles en el sitio web.<\/p>\n<\/div><div class=\"mx-5 sm:mx-0 prose leading-relaxed text-lg mb-5 text-left wp-paragraph\">\n<p><strong>2.2 <\/strong>Para contactar, los usuarios deber\u00e1n rellenar el formulario disponible en: <a style=\" color:;\" href=\"https:\/\/zonacuriosa.com.br\/es\/contact\/\">https:\/\/zonacuriosa.com.br\/contact\/<\/a>.&nbsp;<\/p>\n<\/div><!--advertisement--><div class=\"mx-5 sm:mx-0 sm:text-3xl text-2xl font-medium title-font mb-4 text-gray-900 text-left\">\n<h2 class=\"wp-block-heading\">Secci\u00f3n III \u2013 Obligaciones y Responsabilidades<\/h2>\n<\/div><div class=\"mx-5 sm:mx-0 prose leading-relaxed text-lg mb-5 text-left wp-paragraph\">\n<p><strong>3.1 Compromiso con los T\u00e9rminos y la Pol\u00edtica de Privacidad<\/strong><\/p>\n<\/div><div class=\"mx-5 sm:mx-0 prose leading-relaxed text-lg mb-5 text-left wp-paragraph\">\n<p>Al utilizar Zona Curiosa, confirmas que has le\u00eddo, comprendido y aceptado todos los t\u00e9rminos y condiciones, adem\u00e1s de la Pol\u00edtica de Privacidad del sitio web.<\/p>\n<\/div><div class=\"mx-5 sm:mx-0 prose leading-relaxed text-lg mb-5 text-left wp-paragraph\">\n<p><strong>3.2 Enlaces a sitios de terceros<\/strong><\/p>\n<\/div><div class=\"mx-5 sm:mx-0 prose leading-relaxed text-lg mb-5 text-left wp-paragraph\">\n<p>Zona Curiosa proporciona enlaces a sitios web externos, que pueden incluir servicios o productos de socios. Estos enlaces se proporcionan sin ninguna gesti\u00f3n directa por parte de Zona Curiosa sobre estas transacciones.<\/p>\n<\/div><div class=\"mx-5 sm:mx-0 prose leading-relaxed text-lg mb-5 text-left wp-paragraph\">\n<p><strong>3.3 T\u00e9rminos de los sitios asociados<\/strong><\/p>\n<\/div><div class=\"mx-5 sm:mx-0 prose leading-relaxed text-lg mb-5 text-left wp-paragraph\">\n<p>Al acceder a sitios asociados a trav\u00e9s de Zona Curiosa, debe aceptar los t\u00e9rminos de uso y pol\u00edticas de privacidad espec\u00edficos de estos sitios externos.<\/p>\n<\/div><div class=\"mx-5 sm:mx-0 prose leading-relaxed text-lg mb-5 text-left wp-paragraph\">\n<p><strong>3.4 Descargo de responsabilidad por contenido de terceros<\/strong><\/p>\n<\/div><div class=\"mx-5 sm:mx-0 prose leading-relaxed text-lg mb-5 text-left wp-paragraph\">\n<p>Zona Curiosa no es responsable de la informaci\u00f3n, t\u00e9rminos o pol\u00edticas de productos y servicios de terceros, ni de las transacciones realizadas con dichas entidades.<\/p>\n<\/div><div class=\"mx-5 sm:mx-0 prose leading-relaxed text-lg mb-5 text-left wp-paragraph\">\n<p><strong>3.5 Protecci\u00f3n contra software malicioso<\/strong><\/p>\n<\/div><div class=\"mx-5 sm:mx-0 prose leading-relaxed text-lg mb-5 text-left wp-paragraph\">\n<p>Zona Curiosa no se hace responsable de los da\u00f1os producidos por virus u otros programas maliciosos que puedan contraerse durante la navegaci\u00f3n. Se recomienda que utilice software de seguridad actualizado.<\/p>\n<\/div><div class=\"mx-5 sm:mx-0 prose leading-relaxed text-lg mb-5 text-left wp-paragraph\">\n<p><strong>3.6 Limitaci\u00f3n de responsabilidad<\/strong><\/p>\n<\/div><div class=\"mx-5 sm:mx-0 prose leading-relaxed text-lg mb-5 text-left wp-paragraph\">\n<p>Zona Curiosa no se hace responsable de los da\u00f1os derivados de un uso inadecuado del sitio web o de situaciones de fuerza mayor.<\/p>\n<\/div><div class=\"mx-5 sm:mx-0 prose leading-relaxed text-lg mb-5 text-left wp-paragraph\">\n<p><strong>3.7 Transacciones Financieras<\/strong><\/p>\n<\/div><div class=\"mx-5 sm:mx-0 prose leading-relaxed text-lg mb-5 text-left wp-paragraph\">\n<p>Zona Curiosa no solicita pagos, dep\u00f3sitos o transferencias bancarias para la liberaci\u00f3n de ning\u00fan producto financiero.<\/p>\n<\/div><div class=\"mx-5 sm:mx-0 prose leading-relaxed text-lg mb-5 text-left wp-paragraph\">\n<p><strong>3.8 Alertas de seguridad<\/strong><\/p>\n<\/div><div class=\"mx-5 sm:mx-0 prose leading-relaxed text-lg mb-5 text-left wp-paragraph\">\n<p>No enviamos correos electr\u00f3nicos solicitando informaci\u00f3n personal, registros o con archivos adjuntos ejecutables. Si recibe dichos correos electr\u00f3nicos, inf\u00f3rmenos a trav\u00e9s de nuestro formulario de contacto en <a style=\" color:;\" href=\"https:\/\/zonacuriosa.com.br\/es\/contact\/\">https:\/\/zonacuriosa.com.br\/contact\/<\/a>.&nbsp;<\/p>\n<\/div><!--advertisement--><div class=\"mx-5 sm:mx-0 sm:text-3xl text-2xl font-medium title-font mb-4 text-gray-900 text-left\">\n<h2 class=\"wp-block-heading\">Secci\u00f3n IV \u2013 Pautas y restricciones de conducta<\/h2>\n<\/div><div class=\"mx-5 sm:mx-0 prose leading-relaxed text-lg mb-5 text-left wp-paragraph\">\n<p>Los T\u00e9rminos de Servicio de Zona Curiosa establecen reglas claras sobre la interacci\u00f3n adecuada con nuestro sitio web y el contenido disponible. Est\u00e1 estrictamente prohibido:<\/p>\n<\/div><div class=\"mx-5 sm:mx-0 prose text-left mb-5\">\n<ul><div class=\"mx-5 sm:mx-0 prose text-left mb-5\">\n<li>Utilizar el sitio web para promover, realizar o apoyar actividades ilegales, violando as\u00ed las leyes y regulaciones vigentes, tanto a nivel local como internacional.<\/li>\n<\/div>\n\n<div class=\"mx-5 sm:mx-0 prose text-left mb-5\">\n<li>Violar leyes o regulaciones a cualquier nivel, ya sea local, estatal, nacional o internacional, a trav\u00e9s de la interacci\u00f3n con nuestro sitio web.<\/li>\n<\/div>\n\n<div class=\"mx-5 sm:mx-0 prose text-left mb-5\">\n<li>Vulnerar los derechos de propiedad intelectual, ya sean de materiales propios de Zona Curiosa o de terceros, mediante el uso no autorizado de los contenidos.<\/li>\n<\/div>\n\n<div class=\"mx-5 sm:mx-0 prose text-left mb-5\">\n<li>Participar en conductas como acoso, abuso, difamaci\u00f3n o discriminaci\u00f3n contra personas o grupos en funci\u00f3n de atributos legalmente protegidos.<\/li>\n<\/div>\n\n<div class=\"mx-5 sm:mx-0 prose text-left mb-5\">\n<li>Difundir deliberadamente informaci\u00f3n falsa o enga\u00f1osa que afecte negativamente a la fiabilidad e integridad de los contenidos ofrecidos en el sitio web.<\/li>\n<\/div>\n\n<div class=\"mx-5 sm:mx-0 prose text-left mb-5\">\n<li>Difundir virus u otros c\u00f3digos maliciosos que puedan comprometer la seguridad de nuestro servicio, otros sitios conectados o la infraestructura de Internet.<\/li>\n<\/div>\n\n<div class=\"mx-5 sm:mx-0 prose text-left mb-5\">\n<li>Recopilar o monitorear informaci\u00f3n personal de otros usuarios sin obtener el consentimiento claro y expreso, violando la privacidad de otros.<\/li>\n<\/div>\n\n<div class=\"mx-5 sm:mx-0 prose text-left mb-5\">\n<li>Realizar actividades tales como spam, phishing, pharming, pretexting, as\u00ed como t\u00e9cnicas de spidering, crawling o scraping, que comprometan la funcionalidad del sitio web.<\/li>\n<\/div>\n\n<div class=\"mx-5 sm:mx-0 prose text-left mb-5\">\n<li>Utilizar el sitio web para distribuir contenido obsceno o de naturaleza cuestionable, contrario a los est\u00e1ndares \u00e9ticos y morales.<\/li>\n<\/div>\n\n<div class=\"mx-5 sm:mx-0 prose text-left mb-5\">\n<li>Intentar eludir, inutilizar o de cualquier otra forma comprometer las medidas de seguridad implementadas por Zona Curiosa o entidades asociadas.<\/li>\n<\/div><\/ul>\n<\/div><div class=\"mx-5 sm:mx-0 prose leading-relaxed text-lg mb-5 text-left wp-paragraph\">\n<p>Nos reservamos el derecho de interrumpir o suspender su acceso a nuestros servicios y sitios web asociados si viola estas pautas.<\/p>\n<\/div><!--advertisement--><div class=\"mx-5 sm:mx-0 sm:text-3xl text-2xl font-medium title-font mb-4 text-gray-900 text-left\">\n<h2 class=\"wp-block-heading\">Secci\u00f3n V \u2013 Condiciones de garant\u00eda y limitaciones de responsabilidad<\/h2>\n<\/div><div class=\"mx-5 sm:mx-0 prose leading-relaxed text-lg mb-5 text-left wp-paragraph\">\n<p>El acceso a nuestro servicio puede ser inestable y no garantizamos que sea completamente seguro o est\u00e9 libre de errores. Tampoco garantizamos la exactitud o confiabilidad de los resultados obtenidos del uso del servicio, el cual puede ser suspendido o interrumpido sin previo aviso.<\/p>\n<\/div><div class=\"mx-5 sm:mx-0 prose leading-relaxed text-lg mb-5 text-left wp-paragraph\">\n<p>Usted reconoce y acepta que toda la responsabilidad por el uso o la imposibilidad de utilizar el servicio recae \u00fanicamente en usted. El Servicio se proporciona &quot;tal cual&quot; y &quot;seg\u00fan disponibilidad&quot; sin garant\u00edas de ning\u00fan tipo, ya sea expresa o impl\u00edcita.<\/p>\n<\/div><div class=\"mx-5 sm:mx-0 prose leading-relaxed text-lg mb-5 text-left wp-paragraph\">\n<p>Zona Curiosa y sus representantes no son responsables de ning\u00fan da\u00f1o, p\u00e9rdida o reclamo que pueda surgir del uso del servicio, incluyendo, entre otros, p\u00e9rdida de ganancias, datos u otras p\u00e9rdidas intangibles, que surjan del uso de cualquier servicio o Productos proporcionados por Zona Curiosa.<\/p>\n<\/div><div class=\"mx-5 sm:mx-0 prose leading-relaxed text-lg mb-5 text-left wp-paragraph\">\n<p>En jurisdicciones que no permiten la exclusi\u00f3n o limitaci\u00f3n de responsabilidad por da\u00f1os consecuentes o incidentales, nuestra responsabilidad se limitar\u00e1 al m\u00e1ximo permitido por la ley aplicable.<\/p>\n<\/div><!--advertisement--><div class=\"mx-5 sm:mx-0 sm:text-3xl text-2xl font-medium title-font mb-4 text-gray-900 text-left\">\n<h2 class=\"wp-block-heading\">Secci\u00f3n VI \u2013 Vigencia y Plazo<\/h2>\n<\/div><div class=\"mx-5 sm:mx-0 prose leading-relaxed text-lg mb-5 text-left wp-paragraph\">\n<p><strong>6.1 Duraci\u00f3n de los T\u00e9rminos<\/strong><\/p>\n<\/div><div class=\"mx-5 sm:mx-0 prose leading-relaxed text-lg mb-5 text-left wp-paragraph\">\n<p>Las Condiciones Generales de Uso de Zona Curiosa permanecer\u00e1n vigentes por tiempo indefinido, hasta que sean modificadas o revocadas mediante nueva notificaci\u00f3n.<\/p>\n<\/div><div class=\"mx-5 sm:mx-0 prose leading-relaxed text-lg mb-5 text-left wp-paragraph\">\n<p><strong>6.2 Limitaci\u00f3n Temporal de Acciones Legales<\/strong><\/p>\n<\/div><div class=\"mx-5 sm:mx-0 prose leading-relaxed text-lg mb-5 text-left wp-paragraph\">\n<p>Cualquier acci\u00f3n legal o procedimiento administrativo vinculado al uso de Zona Curiosa, seg\u00fan lo estipulado en estos T\u00e9rminos de Uso o la Pol\u00edtica de Privacidad, deber\u00e1 iniciarse en un plazo m\u00e1ximo de 90 d\u00edas despu\u00e9s del hecho que motiv\u00f3 dicha acci\u00f3n.<\/p>\n<\/div><!--advertisement--><div class=\"mx-5 sm:mx-0 sm:text-3xl text-2xl font-medium title-font mb-4 text-gray-900 text-left\">\n<h2 class=\"wp-block-heading\">Secci\u00f3n VII - Legislaci\u00f3n Vigente y Competencia Jurisdiccional<\/h2>\n<\/div><div class=\"mx-5 sm:mx-0 prose leading-relaxed text-lg mb-5 text-left wp-paragraph\">\n<p>Los T\u00e9rminos y Condiciones de Uso y la Pol\u00edtica de Privacidad del sitio web se rigen por las leyes de la Rep\u00fablica Federativa de Brasil. Esto incluye el cumplimiento de la Constituci\u00f3n Federal, el C\u00f3digo Civil, el C\u00f3digo de Protecci\u00f3n al Consumidor, el Marco Civil da Internet y la Ley General de Protecci\u00f3n de Datos Personales.<\/p>\n<\/div><!--advertisement--><div class=\"mx-5 sm:mx-0 sm:text-3xl text-2xl font-medium title-font mb-4 text-gray-900 text-left\">\n<h2 class=\"wp-block-heading\">Secci\u00f3n VIII \u2013 Propiedad intelectual y limitaciones de responsabilidad<\/h2>\n<\/div><div class=\"mx-5 sm:mx-0 prose leading-relaxed text-lg mb-5 text-left wp-paragraph\">\n<p><strong>8.1 Protecci\u00f3n de la propiedad intelectual<\/strong><\/p>\n<\/div><div class=\"mx-5 sm:mx-0 prose leading-relaxed text-lg mb-5 text-left wp-paragraph\">\n<p>Todo el contenido disponible en Zona Curiosa, incluido el proporcionado por el sitio web y sus socios, est\u00e1 protegido por leyes de derechos de autor y propiedad intelectual. Est\u00e1 prohibido reproducir, modificar, distribuir, exhibir o crear trabajos derivados de estos materiales sin la autorizaci\u00f3n expresa por escrito de Zona Curiosa.<\/p>\n<\/div><div class=\"mx-5 sm:mx-0 prose leading-relaxed text-lg mb-5 text-left wp-paragraph\">\n<p><strong>8.2 Exclusi\u00f3n de Responsabilidad<\/strong><\/p>\n<\/div><div class=\"mx-5 sm:mx-0 prose leading-relaxed text-lg mb-5 text-left wp-paragraph\">\n<p>Zona Curiosa no se hace responsable de los contenidos generados por los usuarios, como comentarios en foros o redes sociales, as\u00ed como de los da\u00f1os directos o indirectos que pudieran derivarse del uso del sitio web.<\/p>\n<\/div><div class=\"mx-5 sm:mx-0 prose leading-relaxed text-lg mb-5 text-left wp-paragraph\">\n<p><strong>8.3 Gesti\u00f3n de infracciones<\/strong><\/p>\n<\/div><div class=\"mx-5 sm:mx-0 prose leading-relaxed text-lg mb-5 text-left wp-paragraph\">\n<p>Zona Curiosa se reserva el derecho de eliminar cualquier contenido que viole estos t\u00e9rminos, particularmente aquellos que sean ilegales, ofensivos, difamatorios o que violen los derechos de terceros. Zona Curiosa tambi\u00e9n podr\u00e1 inhabilitar las cuentas de los usuarios que no respeten los t\u00e9rminos estipulados.<\/p>\n<\/div><!--advertisement--><div class=\"mx-5 sm:mx-0 sm:text-3xl text-2xl font-medium title-font mb-4 text-gray-900 text-left\">\n<h2 class=\"wp-block-heading\">Secci\u00f3n IX \u2013 Modificaciones a T\u00e9rminos y Condiciones<\/h2>\n<\/div><div class=\"mx-5 sm:mx-0 prose leading-relaxed text-lg mb-5 text-left wp-paragraph\">\n<p>Zona Curiosa se reserva el derecho de cambiar, suspender o interrumpir cualquier aspecto de sus servicios en cualquier momento, sin obligaci\u00f3n de previo aviso. En estas circunstancias, no es necesario dar explicaciones a los usuarios o terceros sobre los cambios realizados.<\/p>\n<\/div><div class=\"mx-5 sm:mx-0 prose leading-relaxed text-lg mb-5 text-left wp-paragraph\">\n<p><strong>El uso continuado del sitio web despu\u00e9s de dichos cambios constituye la aceptaci\u00f3n t\u00e1cita de los T\u00e9rminos y condiciones modificados. Si no est\u00e1 de acuerdo con los cambios propuestos, se recomienda que deje de utilizar el sitio web.<\/strong><\/p>\n<\/div><!--advertisement--><div class=\"mx-5 sm:mx-0 sm:text-3xl text-2xl font-medium title-font mb-4 text-gray-900 text-left\">\n<h2 class=\"wp-block-heading\">Secci\u00f3n X \u2013 Contacto con Zona Curiosa<\/h2>\n<\/div><div class=\"mx-5 sm:mx-0 prose leading-relaxed text-lg mb-5 text-left wp-paragraph\">\n<p>Para cualquier pregunta o sugerencia sobre nuestros servicios, le animamos a ponerse en contacto con nuestro equipo de atenci\u00f3n al cliente. Visita <a style=\" color:;\" href=\"https:\/\/zonacuriosa.com.br\/es\/contact\/\">https:\/\/zonacuriosa.com.br\/contact\/<\/a> y complete el formulario para enviar su mensaje de manera eficiente y directa.<\/p>\n<\/div>","protected":false},"excerpt":{"rendered":"<p>Atualizado em 18 de Outubro de 2024. O Zona Curiosa \u00e9 o ente gestor do seu pr\u00f3prio site, que pode ser acessado atrav\u00e9s do link https:\/\/zonacuriosa.com.br\/. Quando falamos &#8220;n\u00f3s&#8221; ou &#8220;nosso&#8221;, referimo-nos \u00e0 equipe administrativa do Zona Curiosa. O portal apresenta uma rica diversidade de informa\u00e7\u00f5es, servi\u00e7os e conte\u00fados, e acess\u00e1-lo implica em concordar plenamente&hellip; <a class=\"more-link\" href=\"https:\/\/zonacuriosa.com.br\/es\/terms\/\">Sigue leyendo <span class=\"screen-reader-text\">T\u00e9rminos de uso \u2013 Zona Curiosa<\/span><\/a><\/p>","protected":false},"author":113,"featured_media":0,"parent":0,"menu_order":0,"comment_status":"closed","ping_status":"closed","template":"","meta":{"footnotes":""},"yoast_head":"<!-- This site is optimized with the Yoast SEO plugin v23.3 - https:\/\/yoast.com\/wordpress\/plugins\/seo\/ -->\n<title>Termos de Uso - Zona Curiosa - Zona Curiosa<\/title>\n<meta name=\"robots\" content=\"index, follow, max-snippet:-1, max-image-preview:large, max-video-preview:-1\" \/>\n<link rel=\"canonical\" href=\"https:\/\/zonacuriosa.com.br\/es\/terms\/\" \/>\n<meta property=\"og:locale\" content=\"es_MX\" \/>\n<meta property=\"og:type\" content=\"article\" \/>\n<meta property=\"og:title\" content=\"Termos de Uso - Zona Curiosa - Zona Curiosa\" \/>\n<meta property=\"og:description\" content=\"Atualizado em 18 de Outubro de 2024. O Zona Curiosa \u00e9 o ente gestor do seu pr\u00f3prio site, que pode ser acessado atrav\u00e9s do link https:\/\/zonacuriosa.com.br\/. Quando falamos &#8220;n\u00f3s&#8221; ou &#8220;nosso&#8221;, referimo-nos \u00e0 equipe administrativa do Zona Curiosa. O portal apresenta uma rica diversidade de informa\u00e7\u00f5es, servi\u00e7os e conte\u00fados, e acess\u00e1-lo implica em concordar plenamente&hellip; Continue reading Termos de Uso &#8211; Zona Curiosa\" \/>\n<meta property=\"og:url\" content=\"https:\/\/zonacuriosa.com.br\/es\/terms\/\" \/>\n<meta property=\"og:site_name\" content=\"Zona Curiosa\" \/>\n<meta property=\"article:modified_time\" content=\"2024-10-21T19:38:11+00:00\" \/>\n<meta name=\"twitter:card\" content=\"summary_large_image\" \/>\n<meta name=\"twitter:label1\" content=\"Est. reading time\" \/>\n\t<meta name=\"twitter:data1\" content=\"7 minutos\" \/>\n<script type=\"application\/ld+json\" class=\"yoast-schema-graph\">{\"@context\":\"https:\/\/schema.org\",\"@graph\":[{\"@type\":\"WebPage\",\"@id\":\"https:\/\/zonacuriosa.com.br\/terms\/\",\"url\":\"https:\/\/zonacuriosa.com.br\/terms\/\",\"name\":\"Termos de Uso - Zona Curiosa - Zona Curiosa\",\"isPartOf\":{\"@id\":\"https:\/\/zonacuriosa.com.br\/#website\"},\"datePublished\":\"2024-10-21T19:38:09+00:00\",\"dateModified\":\"2024-10-21T19:38:11+00:00\",\"breadcrumb\":{\"@id\":\"https:\/\/zonacuriosa.com.br\/terms\/#breadcrumb\"},\"inLanguage\":\"es-MX\",\"potentialAction\":[{\"@type\":\"ReadAction\",\"target\":[\"https:\/\/zonacuriosa.com.br\/terms\/\"]}]},{\"@type\":\"BreadcrumbList\",\"@id\":\"https:\/\/zonacuriosa.com.br\/terms\/#breadcrumb\",\"itemListElement\":[{\"@type\":\"ListItem\",\"position\":1,\"name\":\"Home\",\"item\":\"https:\/\/zonacuriosa.com.br\/\"},{\"@type\":\"ListItem\",\"position\":2,\"name\":\"Termos de Uso &#8211; Zona Curiosa\"}]},{\"@type\":\"WebSite\",\"@id\":\"https:\/\/zonacuriosa.com.br\/#website\",\"url\":\"https:\/\/zonacuriosa.com.br\/\",\"name\":\"Zona Curiosa\",\"description\":\"\",\"potentialAction\":[{\"@type\":\"SearchAction\",\"target\":{\"@type\":\"EntryPoint\",\"urlTemplate\":\"https:\/\/zonacuriosa.com.br\/?s={search_term_string}\"},\"query-input\":\"required name=search_term_string\"}],\"inLanguage\":\"es-MX\"}]}<\/script>\n<!-- \/ Yoast SEO plugin. -->","yoast_head_json":{"title":"Termos de Uso - Zona Curiosa - Zona Curiosa","robots":{"index":"index","follow":"follow","max-snippet":"max-snippet:-1","max-image-preview":"max-image-preview:large","max-video-preview":"max-video-preview:-1"},"canonical":"https:\/\/zonacuriosa.com.br\/es\/terms\/","og_locale":"es_MX","og_type":"article","og_title":"Termos de Uso - Zona Curiosa - Zona Curiosa","og_description":"Atualizado em 18 de Outubro de 2024. O Zona Curiosa \u00e9 o ente gestor do seu pr\u00f3prio site, que pode ser acessado atrav\u00e9s do link https:\/\/zonacuriosa.com.br\/. Quando falamos &#8220;n\u00f3s&#8221; ou &#8220;nosso&#8221;, referimo-nos \u00e0 equipe administrativa do Zona Curiosa. O portal apresenta uma rica diversidade de informa\u00e7\u00f5es, servi\u00e7os e conte\u00fados, e acess\u00e1-lo implica em concordar plenamente&hellip; Continue reading Termos de Uso &#8211; Zona Curiosa","og_url":"https:\/\/zonacuriosa.com.br\/es\/terms\/","og_site_name":"Zona Curiosa","article_modified_time":"2024-10-21T19:38:11+00:00","twitter_card":"summary_large_image","twitter_misc":{"Est. reading time":"7 minutos"},"schema":{"@context":"https:\/\/schema.org","@graph":[{"@type":"WebPage","@id":"https:\/\/zonacuriosa.com.br\/terms\/","url":"https:\/\/zonacuriosa.com.br\/terms\/","name":"Termos de Uso - Zona Curiosa - Zona Curiosa","isPartOf":{"@id":"https:\/\/zonacuriosa.com.br\/#website"},"datePublished":"2024-10-21T19:38:09+00:00","dateModified":"2024-10-21T19:38:11+00:00","breadcrumb":{"@id":"https:\/\/zonacuriosa.com.br\/terms\/#breadcrumb"},"inLanguage":"es-MX","potentialAction":[{"@type":"ReadAction","target":["https:\/\/zonacuriosa.com.br\/terms\/"]}]},{"@type":"BreadcrumbList","@id":"https:\/\/zonacuriosa.com.br\/terms\/#breadcrumb","itemListElement":[{"@type":"ListItem","position":1,"name":"Home","item":"https:\/\/zonacuriosa.com.br\/"},{"@type":"ListItem","position":2,"name":"Termos de Uso &#8211; Zona Curiosa"}]},{"@type":"WebSite","@id":"https:\/\/zonacuriosa.com.br\/#website","url":"https:\/\/zonacuriosa.com.br\/","name":"Zona Curiosa","description":"","potentialAction":[{"@type":"SearchAction","target":{"@type":"EntryPoint","urlTemplate":"https:\/\/zonacuriosa.com.br\/?s={search_term_string}"},"query-input":"required name=search_term_string"}],"inLanguage":"es-MX"}]}},"_links":{"self":[{"href":"https:\/\/zonacuriosa.com.br\/es\/wp-json\/wp\/v2\/pages\/33546"}],"collection":[{"href":"https:\/\/zonacuriosa.com.br\/es\/wp-json\/wp\/v2\/pages"}],"about":[{"href":"https:\/\/zonacuriosa.com.br\/es\/wp-json\/wp\/v2\/types\/page"}],"author":[{"embeddable":true,"href":"https:\/\/zonacuriosa.com.br\/es\/wp-json\/wp\/v2\/users\/113"}],"replies":[{"embeddable":true,"href":"https:\/\/zonacuriosa.com.br\/es\/wp-json\/wp\/v2\/comments?post=33546"}],"version-history":[{"count":1,"href":"https:\/\/zonacuriosa.com.br\/es\/wp-json\/wp\/v2\/pages\/33546\/revisions"}],"predecessor-version":[{"id":33547,"href":"https:\/\/zonacuriosa.com.br\/es\/wp-json\/wp\/v2\/pages\/33546\/revisions\/33547"}],"wp:attachment":[{"href":"https:\/\/zonacuriosa.com.br\/es\/wp-json\/wp\/v2\/media?parent=33546"}],"curies":[{"name":"wp","href":"https:\/\/api.w.org\/{rel}","templated":true}]}}