{"id":2542,"date":"2020-09-24T05:25:19","date_gmt":"2020-09-24T08:25:19","guid":{"rendered":"https:\/\/zonacuriosa.com.br\/?page_id=2542"},"modified":"2026-03-13T19:25:41","modified_gmt":"2026-03-13T19:25:41","slug":"about","status":"publish","type":"page","link":"https:\/\/zonacuriosa.com.br\/es\/about\/","title":{"rendered":"Acerca de Curious Zone\u00a0"},"content":{"rendered":"<!--advertisement--><div class=\"mx-5 sm:mx-0 sm:text-3xl text-2xl font-medium title-font mb-4 text-gray-900 text-left\">\n<h2 class=\"wp-block-heading\"><strong>Informaci\u00f3n que despierta tu curiosidad.<\/strong><\/h2>\n<\/div><div class=\"mx-5 sm:mx-0 prose leading-relaxed text-lg mb-5 text-left wp-paragraph\">\n<p>\u00bfQu\u00e9 te hace detenerte unos minutos a leer algo nuevo? \u00bfUn dato sorprendente, una historia inspiradora, una noticia interesante o un simple consejo que te alegra el d\u00eda? En Zona Curiosa, creemos que la informaci\u00f3n tiene el poder de despertar la curiosidad, ampliar perspectivas y hacer la vida cotidiana m\u00e1s interesante.<\/p>\n<\/div><div class=\"mx-5 sm:mx-0 prose leading-relaxed text-lg mb-5 text-left wp-paragraph\">\n<p>Creamos Zona Curiosa para reunir contenido informativo, accesible y atractivo sobre diversos temas que forman parte de la vida de todos. Aqu\u00ed encontrar\u00e1s noticias, curiosidades, entretenimiento, historias inspiradoras, consejos para una vida m\u00e1s saludable, ofertas de empleo e informaci\u00f3n sobre productos y servicios disponibles a trav\u00e9s de canales oficiales y p\u00fablicos. Nuestro objetivo es que descubrir nuevos temas sea sencillo, ameno y \u00fatil para tu d\u00eda a d\u00eda.<\/p>\n<\/div><div class=\"mx-5 sm:mx-0 prose leading-relaxed text-lg mb-5 text-left wp-paragraph\">\n<p>M\u00e1s que simplemente presentar informaci\u00f3n, queremos ayudarte a explorar diferentes temas de forma clara y pr\u00e1ctica. Internet est\u00e1 repleto de datos, tendencias y novedades que surgen constantemente. Nuestra funci\u00f3n es organizar esta informaci\u00f3n y transformarla en contenido f\u00e1cil de entender, para que puedas aprender algo nuevo cada vez que visites el sitio.<\/p>\n<\/div><div class=\"mx-5 sm:mx-0 prose leading-relaxed text-lg mb-5 text-left wp-paragraph\">\n<p>Ya sea que busques descubrir un dato curioso, comprender una tendencia, aprender una historia interesante o encontrar un consejo para mejorar tu rutina, Zona Curiosa est\u00e1 aqu\u00ed para hacer que esa experiencia sea m\u00e1s liviana, m\u00e1s \u00fatil y m\u00e1s atractiva.<\/p>\n<\/div><!--advertisement--><div class=\"mx-5 sm:mx-0 sm:text-3xl text-2xl font-medium title-font mb-4 text-gray-900 text-left\">\n<h2 class=\"wp-block-heading\"><strong>Nuestro compromiso con usted<\/strong><\/h2>\n<\/div><div class=\"mx-5 sm:mx-0 prose leading-relaxed text-lg mb-5 text-left wp-paragraph\">\n<p>Al crear Zona Curiosa, nos comprometimos a ofrecer informaci\u00f3n relevante de forma transparente y accesible. Nuestro contenido se basa en investigaci\u00f3n, fuentes p\u00fablicas y an\u00e1lisis editorial, buscando siempre presentar informaci\u00f3n \u00fatil sin complicar la comprensi\u00f3n.<\/p>\n<\/div><div class=\"mx-5 sm:mx-0 prose leading-relaxed text-lg mb-5 text-left wp-paragraph\">\n<p>Creemos que el contenido informativo debe ser claro, confiable y f\u00e1cil de navegar. Por eso, nuestro equipo trabaja para mantener un equilibrio entre curiosidad, informaci\u00f3n y entretenimiento.<\/p>\n<\/div><div class=\"mx-5 sm:mx-0 prose leading-relaxed text-lg mb-5 text-left wp-paragraph\">\n<p>Nuestro compromiso con usted incluye:<\/p>\n<\/div><div class=\"mx-5 sm:mx-0 prose text-left mb-5\">\n<ul><div class=\"mx-5 sm:mx-0 prose text-left mb-5\">\n<li><strong>Contenido informativo basado en fuentes p\u00fablicas y verificables.<\/strong><strong><br><\/strong> Cada art\u00edculo publicado en Zona Curiosa se elabora a partir de informaci\u00f3n disponible en fuentes p\u00fablicas, anuncios oficiales, materiales informativos e investigaciones confiables. Nuestro objetivo es transformar esta informaci\u00f3n en contenido organizado y accesible para que puedas comprender r\u00e1pidamente los puntos principales de cada tema tratado.<br><\/li>\n<\/div>\n\n<div class=\"mx-5 sm:mx-0 prose text-left mb-5\">\n<li><strong>Lenguaje sencillo y lectura accesible.<\/strong><strong><br><\/strong> No todo el mundo quiere leer textos complejos o excesivamente t\u00e9cnicos. Por eso priorizamos un lenguaje claro y directo. Queremos que puedas comprender el contenido f\u00e1cilmente, independientemente del tema.<br><\/li>\n<\/div>\n\n<div class=\"mx-5 sm:mx-0 prose text-left mb-5\">\n<li><strong>Diversidad de temas y perspectivas<\/strong><strong><br><\/strong> El mundo est\u00e1 lleno de historias interesantes, datos sorprendentes e informaci\u00f3n \u00fatil que a menudo pasan desapercibidos. Nuestro contenido busca explorar diferentes \u00e1reas de inter\u00e9s, desde la cultura y el comportamiento hasta curiosidades hist\u00f3ricas y tendencias actuales.<br><\/li>\n<\/div>\n\n<div class=\"mx-5 sm:mx-0 prose text-left mb-5\">\n<li><strong>Transparencia editorial<\/strong><strong><br><\/strong> Nuestro portal opera de forma independiente. No producimos contenido patrocinado que influya en la l\u00ednea editorial de nuestros textos. Siempre nos esforzamos por presentar la informaci\u00f3n de forma objetiva y equilibrada.<br><\/li>\n<\/div><\/ul>\n<\/div><div class=\"mx-5 sm:mx-0 prose leading-relaxed text-lg mb-5 text-left wp-paragraph\">\n<p>Tambi\u00e9n valoramos el contacto con nuestros lectores. Si tiene preguntas, sugerencias o desea compartir una idea sobre un tema que le gustar\u00eda ver en el sitio, puede contactarnos a trav\u00e9s de nuestra p\u00e1gina de contacto.<\/p>\n<\/div><!--advertisement--><div class=\"mx-5 sm:mx-0 sm:text-3xl text-2xl font-medium title-font mb-4 text-gray-900 text-left\">\n<h2 class=\"wp-block-heading\"><strong>Lo que encontrar\u00e1s en la Zona Curiosa<\/strong><\/h2>\n<\/div><div class=\"mx-5 sm:mx-0 prose leading-relaxed text-lg mb-5 text-left wp-paragraph\">\n<p>Nuestro contenido est\u00e1 dise\u00f1ado para ofrecer una experiencia informativa y amena a lectores con diversos intereses. Cada secci\u00f3n de Zona Curiosa abarca temas que pueden inspirar nuevas ideas, ampliar conocimientos o simplemente hacer m\u00e1s interesante la lectura.<\/p>\n<\/div><div class=\"mx-5 sm:mx-0 prose leading-relaxed text-lg mb-5 text-left wp-paragraph\">\n<p>Entre los contenidos que encontrar\u00e1s aqu\u00ed est\u00e1n:<\/p>\n<\/div><div class=\"mx-5 sm:mx-0 prose text-left mb-5\">\n<ul><div class=\"mx-5 sm:mx-0 prose text-left mb-5\">\n<li><strong>Noticias y actualizaciones interesantes<\/strong><strong><br><\/strong> El mundo cambia r\u00e1pidamente y surge nueva informaci\u00f3n a diario. En Zona Curiosa encontrar\u00e1s contenido que te ayudar\u00e1 a comprender eventos, tendencias y noticias de forma sencilla y contextualizada.<br><\/li>\n<\/div>\n\n<div class=\"mx-5 sm:mx-0 prose text-left mb-5\">\n<li><strong>Datos interesantes que abren nuevas perspectivas.<\/strong><strong><br><\/strong> Algunas de las historias m\u00e1s fascinantes son aquellas que revelan hechos poco conocidos. Exploramos curiosidades hist\u00f3ricas, cient\u00edficas, culturales y sociales que pueden sorprender y enriquecer tu visi\u00f3n del mundo.<br><\/li>\n<\/div>\n\n<div class=\"mx-5 sm:mx-0 prose text-left mb-5\">\n<li><strong>Entretenimiento e historias cautivadoras<\/strong><strong><br><\/strong> Las historias siempre han formado parte de la forma en que las personas comparten su conocimiento. Nuestro portal tambi\u00e9n re\u00fane narrativas interesantes, datos culturales y contenido desenfadado que hace la lectura m\u00e1s amena.<br><\/li>\n<\/div>\n\n<div class=\"mx-5 sm:mx-0 prose text-left mb-5\">\n<li><strong>Consejos para una vida saludable<\/strong><strong><br><\/strong> Peque\u00f1os cambios en la vida diaria pueden marcar una gran diferencia en el bienestar. Por eso, tambi\u00e9n exploramos contenido relacionado con h\u00e1bitos saludables, estilo de vida y equilibrio personal, siempre bas\u00e1ndonos en informaci\u00f3n ampliamente disponible y accesible.<br><\/li>\n<\/div>\n\n<div class=\"mx-5 sm:mx-0 prose text-left mb-5\">\n<li><strong>Informaci\u00f3n sobre productos y servicios disponibles p\u00fablicamente<br><\/strong> En algunos de nuestros contenidos, podemos mencionar productos, servicios u ofertas disponibles a trav\u00e9s de canales oficiales o p\u00fablicos. Este contenido es meramente informativo y ayuda al lector a conocer opciones que pueden ser relevantes en un contexto determinado.<br><\/li>\n<\/div>\n\n<div class=\"mx-5 sm:mx-0 prose text-left mb-5\">\n<li><strong>Oportunidades laborales y profesionales<\/strong> <br>Encontrar el trabajo ideal puede transformar tu trayectoria profesional. Por eso tambi\u00e9n exploramos contenido relacionado con... <strong>Oportunidades laborales, tendencias del mercado, consejos profesionales y caminos hacia el crecimiento profesional.<\/strong>Nuestra informaci\u00f3n siempre se basa en informaci\u00f3n p\u00fablica difundida a trav\u00e9s de canales oficiales. Nuestro objetivo es ayudarte a comprender mejor el panorama de oportunidades y descubrir caminos que se ajusten a tu perfil y objetivos profesionales.<\/li>\n<\/div><\/ul>\n<\/div><div class=\"mx-5 sm:mx-0 prose leading-relaxed text-lg mb-5 text-left wp-paragraph\">\n<p>Nuestro objetivo no es solo informar, sino tambi\u00e9n despertar la curiosidad y fomentar el descubrimiento de nuevos temas. Cada contenido est\u00e1 dise\u00f1ado para que puedas aprender algo nuevo de forma amena e interesante.<\/p>\n<\/div><!--advertisement--><div class=\"mx-5 sm:mx-0 sm:text-3xl text-2xl font-medium title-font mb-4 text-gray-900 text-left\">\n<h2 class=\"wp-block-heading\"><strong>Transparencia y Avisos Legales<\/strong><\/h2>\n<\/div><div class=\"mx-5 sm:mx-0 prose leading-relaxed text-lg mb-5 text-left wp-paragraph\">\n<p>EL <strong>Zona curiosa<\/strong> Funciona como un portal informativo independiente. No vendemos productos, no ofrecemos servicios comerciales ni tenemos ninguna afiliaci\u00f3n directa con las empresas u organizaciones mencionadas en nuestro contenido.<\/p>\n<\/div><div class=\"mx-5 sm:mx-0 prose leading-relaxed text-lg mb-5 text-left wp-paragraph\">\n<p>Aqu\u00ed hay algunas cosas importantes que debes saber:<\/p>\n<\/div><div class=\"mx-5 sm:mx-0 prose text-left mb-5\">\n<ul><div class=\"mx-5 sm:mx-0 prose text-left mb-5\">\n<li><strong>No ofrecemos productos o servicios directamente.<\/strong><strong><br><\/strong> Nuestro sitio web solo presenta informaci\u00f3n sobre productos, servicios u oportunidades disponibles a trav\u00e9s de canales oficiales o de acceso p\u00fablico. No realizamos ventas, intermediamos contratos ni representamos a las empresas mencionadas en nuestros art\u00edculos.<br><\/li>\n<\/div>\n\n<div class=\"mx-5 sm:mx-0 prose text-left mb-5\">\n<li><strong>No tenemos ninguna afiliaci\u00f3n con las empresas o marcas mencionadas.<\/strong><strong><br><\/strong> El hecho de que mencionemos un producto, servicio, marca o plataforma en nuestro contenido no significa que tengamos ning\u00fan tipo de asociaci\u00f3n, alianza o relaci\u00f3n comercial con estas entidades.<br><\/li>\n<\/div>\n\n<div class=\"mx-5 sm:mx-0 prose text-left mb-5\">\n<li><strong>La informaci\u00f3n puede cambiar con el tiempo.<\/strong><strong><br><\/strong> Los productos, servicios y ofertas pueden ser modificados, actualizados o eliminados por sus respectivos propietarios en cualquier momento. Zona Curiosa no tiene control sobre estos cambios ni se responsabiliza de los cambios realizados por terceros.<br><\/li>\n<\/div>\n\n<div class=\"mx-5 sm:mx-0 prose text-left mb-5\">\n<li><strong>La disponibilidad del servicio puede variar.<\/strong><strong><br><\/strong> Algunas ofertas o servicios mencionados podr\u00edan no estar disponibles en todos los pa\u00edses o regiones. Recomendamos consultar la informaci\u00f3n directamente en las p\u00e1ginas oficiales del proveedor antes de tomar cualquier decisi\u00f3n.<br><\/li>\n<\/div><\/ul>\n<\/div><div class=\"mx-5 sm:mx-0 prose leading-relaxed text-lg mb-5 text-left wp-paragraph\">\n<p>Nuestro compromiso es presentar informaci\u00f3n \u00fatil y organizada, pero la decisi\u00f3n final respecto a cualquier producto o servicio deber\u00e1 ser tomada siempre directamente por el lector luego de consultar los canales oficiales.<\/p>\n<\/div><!--advertisement--><div class=\"mx-5 sm:mx-0 sm:text-3xl text-2xl font-medium title-font mb-4 text-gray-900 text-left\">\n<h2 class=\"wp-block-heading\"><strong>Derechos de autor y propiedad intelectual<\/strong><\/h2>\n<\/div><div class=\"mx-5 sm:mx-0 prose leading-relaxed text-lg mb-5 text-left wp-paragraph\">\n<p>Todo el contenido original publicado en Zona Curiosa, incluyendo textos, estructura editorial, elementos visuales y materiales producidos por el equipo del portal, est\u00e1 protegido por las leyes de derechos de autor y propiedad intelectual.<\/p>\n<\/div><div class=\"mx-5 sm:mx-0 prose leading-relaxed text-lg mb-5 text-left wp-paragraph\">\n<p>Esto significa que:<\/p>\n<\/div><div class=\"mx-5 sm:mx-0 prose text-left mb-5\">\n<ul><div class=\"mx-5 sm:mx-0 prose text-left mb-5\">\n<li>El contenido de este sitio web no puede reproducirse, redistribuirse ni republicarse sin autorizaci\u00f3n previa.<br><\/li>\n<\/div>\n\n<div class=\"mx-5 sm:mx-0 prose text-left mb-5\">\n<li>El uso de nuestros textos o materiales debe incluir siempre la adecuada atribuci\u00f3n y referencia a la fuente original.<br><\/li>\n<\/div><\/ul>\n<\/div><div class=\"mx-5 sm:mx-0 prose leading-relaxed text-lg mb-5 text-left wp-paragraph\">\n<p>Al mismo tiempo, respetamos plenamente los derechos de propiedad intelectual de terceros.<\/p>\n<\/div><div class=\"mx-5 sm:mx-0 prose leading-relaxed text-lg mb-5 text-left wp-paragraph\">\n<p>En nuestro contenido, podemos mencionar o mostrar:<\/p>\n<\/div><div class=\"mx-5 sm:mx-0 prose text-left mb-5\">\n<ul><div class=\"mx-5 sm:mx-0 prose text-left mb-5\">\n<li>nombres de marca<br><\/li>\n<\/div>\n\n<div class=\"mx-5 sm:mx-0 prose text-left mb-5\">\n<li>logotipos<br><\/li>\n<\/div>\n\n<div class=\"mx-5 sm:mx-0 prose text-left mb-5\">\n<li>im\u00e1genes<br><\/li>\n<\/div>\n\n<div class=\"mx-5 sm:mx-0 prose text-left mb-5\">\n<li>referencias a productos o servicios<br><\/li>\n<\/div><\/ul>\n<\/div><div class=\"mx-5 sm:mx-0 prose leading-relaxed text-lg mb-5 text-left wp-paragraph\">\n<p>Estos elementos pertenecen exclusivamente a sus respectivos propietarios y se utilizan \u00fanicamente con fines informativos, editoriales o de referencia p\u00fablica.<\/p>\n<\/div><div class=\"mx-5 sm:mx-0 prose leading-relaxed text-lg mb-5 text-left wp-paragraph\">\n<p>Si usted es titular de derechos de autor o representante de una marca y cree que alg\u00fan contenido publicado en Zona Curiosa puede infringir derechos de propiedad intelectual, le recomendamos que se ponga en contacto con nosotros para que podamos analizar la situaci\u00f3n y tomar las medidas adecuadas.<\/p>\n<\/div><!--advertisement--><div class=\"mx-5 sm:mx-0 sm:text-3xl text-2xl font-medium title-font mb-4 text-gray-900 text-left\">\n<h2 class=\"wp-block-heading\"><strong>Nuestra misi\u00f3n<\/strong><\/h2>\n<\/div><div class=\"mx-5 sm:mx-0 prose leading-relaxed text-lg mb-5 text-left wp-paragraph\">\n<p>El mundo digital ofrece una enorme cantidad de informaci\u00f3n, pero no siempre es f\u00e1cil encontrar contenido claro, organizado e interesante. Zona Curiosa se cre\u00f3 con el objetivo de simplificar este proceso.<\/p>\n<\/div><div class=\"mx-5 sm:mx-0 prose leading-relaxed text-lg mb-5 text-left wp-paragraph\">\n<p>Queremos que cada visita al sitio sea una oportunidad para descubrir algo nuevo, aprender algo \u00fatil o simplemente disfrutar de unos minutos de lectura interesante.<\/p>\n<\/div><div class=\"mx-5 sm:mx-0 prose leading-relaxed text-lg mb-5 text-left wp-paragraph\">\n<p>La curiosidad impulsa el conocimiento, y esperamos que Zona Curiosa siga siendo un lugar donde nuevas ideas, historias e informaci\u00f3n se unan para inspirarte todos los d\u00edas.<\/p>\n<\/div><!--advertisement--><div class=\"mx-5 sm:mx-0 sm:text-3xl text-2xl font-medium title-font mb-4 text-gray-900 text-left\">\n<h3 class=\"wp-block-heading\"><em>Aviso Legal<\/em><\/h3>\n<\/div><div class=\"mx-5 sm:mx-0 prose leading-relaxed text-lg mb-5 text-left wp-paragraph\">\n<p><em>Los consejos de salud proporcionados en Zona Curiosa tienen \u00fanicamente fines informativos y no reemplazan el consejo, diagn\u00f3stico o tratamiento m\u00e9dico profesional. Si tiene alguna inquietud o pregunta sobre su salud, busque siempre el consejo de un m\u00e9dico u otro profesional de la salud calificado. Nunca ignore el consejo m\u00e9dico profesional por algo que haya le\u00eddo en nuestro sitio web.<\/em><\/p>\n<\/div>","protected":false},"excerpt":{"rendered":"<p>Informa\u00e7\u00e3o que desperta sua curiosidade O que faz voc\u00ea parar por alguns minutos para ler algo novo? Uma curiosidade surpreendente, uma hist\u00f3ria que inspira, uma not\u00edcia interessante ou uma dica simples que pode melhorar seu dia? No Zona Curiosa, acreditamos que a informa\u00e7\u00e3o tem o poder de despertar curiosidade, ampliar perspectivas e tornar o cotidiano&hellip; <a class=\"more-link\" href=\"https:\/\/zonacuriosa.com.br\/es\/about\/\">Sigue leyendo <span class=\"screen-reader-text\">Acerca de Curious Zone\u00a0<\/span><\/a><\/p>","protected":false},"author":113,"featured_media":2564,"parent":0,"menu_order":0,"comment_status":"closed","ping_status":"closed","template":"","meta":{"footnotes":""},"yoast_head":"<!-- This site is optimized with the Yoast SEO plugin v23.3 - https:\/\/yoast.com\/wordpress\/plugins\/seo\/ -->\n<title>Sobre Zona Curiosa\u00a0 - Zona Curiosa<\/title>\n<meta name=\"robots\" content=\"index, follow, max-snippet:-1, max-image-preview:large, max-video-preview:-1\" \/>\n<link rel=\"canonical\" href=\"https:\/\/zonacuriosa.com.br\/es\/about\/\" \/>\n<meta property=\"og:locale\" content=\"es_MX\" \/>\n<meta property=\"og:type\" content=\"article\" \/>\n<meta property=\"og:title\" content=\"Sobre Zona Curiosa\u00a0 - Zona Curiosa\" \/>\n<meta property=\"og:description\" content=\"Informa\u00e7\u00e3o que desperta sua curiosidade O que faz voc\u00ea parar por alguns minutos para ler algo novo? Uma curiosidade surpreendente, uma hist\u00f3ria que inspira, uma not\u00edcia interessante ou uma dica simples que pode melhorar seu dia? No Zona Curiosa, acreditamos que a informa\u00e7\u00e3o tem o poder de despertar curiosidade, ampliar perspectivas e tornar o cotidiano&hellip; Continue reading Sobre Zona Curiosa\u00a0\" \/>\n<meta property=\"og:url\" content=\"https:\/\/zonacuriosa.com.br\/es\/about\/\" \/>\n<meta property=\"og:site_name\" content=\"Zona Curiosa\" \/>\n<meta property=\"article:modified_time\" content=\"2026-03-13T19:25:41+00:00\" \/>\n<meta name=\"twitter:card\" content=\"summary_large_image\" \/>\n<meta name=\"twitter:label1\" content=\"Est. reading time\" \/>\n\t<meta name=\"twitter:data1\" content=\"8 minutos\" \/>\n<script type=\"application\/ld+json\" class=\"yoast-schema-graph\">{\"@context\":\"https:\/\/schema.org\",\"@graph\":[{\"@type\":\"WebPage\",\"@id\":\"https:\/\/zonacuriosa.com.br\/about\/\",\"url\":\"https:\/\/zonacuriosa.com.br\/about\/\",\"name\":\"Sobre Zona Curiosa\u00a0 - Zona Curiosa\",\"isPartOf\":{\"@id\":\"https:\/\/zonacuriosa.com.br\/#website\"},\"primaryImageOfPage\":{\"@id\":\"https:\/\/zonacuriosa.com.br\/about\/#primaryimage\"},\"image\":{\"@id\":\"https:\/\/zonacuriosa.com.br\/about\/#primaryimage\"},\"thumbnailUrl\":\"\",\"datePublished\":\"2020-09-24T08:25:19+00:00\",\"dateModified\":\"2026-03-13T19:25:41+00:00\",\"breadcrumb\":{\"@id\":\"https:\/\/zonacuriosa.com.br\/about\/#breadcrumb\"},\"inLanguage\":\"es-MX\",\"potentialAction\":[{\"@type\":\"ReadAction\",\"target\":[\"https:\/\/zonacuriosa.com.br\/about\/\"]}]},{\"@type\":\"ImageObject\",\"inLanguage\":\"es-MX\",\"@id\":\"https:\/\/zonacuriosa.com.br\/about\/#primaryimage\",\"url\":\"\",\"contentUrl\":\"\"},{\"@type\":\"BreadcrumbList\",\"@id\":\"https:\/\/zonacuriosa.com.br\/about\/#breadcrumb\",\"itemListElement\":[{\"@type\":\"ListItem\",\"position\":1,\"name\":\"Home\",\"item\":\"https:\/\/zonacuriosa.com.br\/\"},{\"@type\":\"ListItem\",\"position\":2,\"name\":\"Sobre Zona Curiosa\u00a0\"}]},{\"@type\":\"WebSite\",\"@id\":\"https:\/\/zonacuriosa.com.br\/#website\",\"url\":\"https:\/\/zonacuriosa.com.br\/\",\"name\":\"Zona Curiosa\",\"description\":\"\",\"potentialAction\":[{\"@type\":\"SearchAction\",\"target\":{\"@type\":\"EntryPoint\",\"urlTemplate\":\"https:\/\/zonacuriosa.com.br\/?s={search_term_string}\"},\"query-input\":\"required name=search_term_string\"}],\"inLanguage\":\"es-MX\"}]}<\/script>\n<!-- \/ Yoast SEO plugin. -->","yoast_head_json":{"title":"Sobre Zona Curiosa\u00a0 - Zona Curiosa","robots":{"index":"index","follow":"follow","max-snippet":"max-snippet:-1","max-image-preview":"max-image-preview:large","max-video-preview":"max-video-preview:-1"},"canonical":"https:\/\/zonacuriosa.com.br\/es\/about\/","og_locale":"es_MX","og_type":"article","og_title":"Sobre Zona Curiosa\u00a0 - Zona Curiosa","og_description":"Informa\u00e7\u00e3o que desperta sua curiosidade O que faz voc\u00ea parar por alguns minutos para ler algo novo? Uma curiosidade surpreendente, uma hist\u00f3ria que inspira, uma not\u00edcia interessante ou uma dica simples que pode melhorar seu dia? No Zona Curiosa, acreditamos que a informa\u00e7\u00e3o tem o poder de despertar curiosidade, ampliar perspectivas e tornar o cotidiano&hellip; Continue reading Sobre Zona Curiosa\u00a0","og_url":"https:\/\/zonacuriosa.com.br\/es\/about\/","og_site_name":"Zona Curiosa","article_modified_time":"2026-03-13T19:25:41+00:00","twitter_card":"summary_large_image","twitter_misc":{"Est. reading time":"8 minutos"},"schema":{"@context":"https:\/\/schema.org","@graph":[{"@type":"WebPage","@id":"https:\/\/zonacuriosa.com.br\/about\/","url":"https:\/\/zonacuriosa.com.br\/about\/","name":"Sobre Zona Curiosa\u00a0 - Zona Curiosa","isPartOf":{"@id":"https:\/\/zonacuriosa.com.br\/#website"},"primaryImageOfPage":{"@id":"https:\/\/zonacuriosa.com.br\/about\/#primaryimage"},"image":{"@id":"https:\/\/zonacuriosa.com.br\/about\/#primaryimage"},"thumbnailUrl":"","datePublished":"2020-09-24T08:25:19+00:00","dateModified":"2026-03-13T19:25:41+00:00","breadcrumb":{"@id":"https:\/\/zonacuriosa.com.br\/about\/#breadcrumb"},"inLanguage":"es-MX","potentialAction":[{"@type":"ReadAction","target":["https:\/\/zonacuriosa.com.br\/about\/"]}]},{"@type":"ImageObject","inLanguage":"es-MX","@id":"https:\/\/zonacuriosa.com.br\/about\/#primaryimage","url":"","contentUrl":""},{"@type":"BreadcrumbList","@id":"https:\/\/zonacuriosa.com.br\/about\/#breadcrumb","itemListElement":[{"@type":"ListItem","position":1,"name":"Home","item":"https:\/\/zonacuriosa.com.br\/"},{"@type":"ListItem","position":2,"name":"Sobre Zona Curiosa\u00a0"}]},{"@type":"WebSite","@id":"https:\/\/zonacuriosa.com.br\/#website","url":"https:\/\/zonacuriosa.com.br\/","name":"Zona Curiosa","description":"","potentialAction":[{"@type":"SearchAction","target":{"@type":"EntryPoint","urlTemplate":"https:\/\/zonacuriosa.com.br\/?s={search_term_string}"},"query-input":"required name=search_term_string"}],"inLanguage":"es-MX"}]}},"_links":{"self":[{"href":"https:\/\/zonacuriosa.com.br\/es\/wp-json\/wp\/v2\/pages\/2542"}],"collection":[{"href":"https:\/\/zonacuriosa.com.br\/es\/wp-json\/wp\/v2\/pages"}],"about":[{"href":"https:\/\/zonacuriosa.com.br\/es\/wp-json\/wp\/v2\/types\/page"}],"author":[{"embeddable":true,"href":"https:\/\/zonacuriosa.com.br\/es\/wp-json\/wp\/v2\/users\/113"}],"replies":[{"embeddable":true,"href":"https:\/\/zonacuriosa.com.br\/es\/wp-json\/wp\/v2\/comments?post=2542"}],"version-history":[{"count":4,"href":"https:\/\/zonacuriosa.com.br\/es\/wp-json\/wp\/v2\/pages\/2542\/revisions"}],"predecessor-version":[{"id":98770,"href":"https:\/\/zonacuriosa.com.br\/es\/wp-json\/wp\/v2\/pages\/2542\/revisions\/98770"}],"wp:featuredmedia":[{"embeddable":true,"href":"https:\/\/zonacuriosa.com.br\/es\/wp-json\/"}],"wp:attachment":[{"href":"https:\/\/zonacuriosa.com.br\/es\/wp-json\/wp\/v2\/media?parent=2542"}],"curies":[{"name":"wp","href":"https:\/\/api.w.org\/{rel}","templated":true}]}}