{"id":33546,"date":"2024-10-21T19:38:09","date_gmt":"2024-10-21T19:38:09","guid":{"rendered":"https:\/\/zonacuriosa.com.br\/?page_id=33546"},"modified":"2024-10-21T19:38:11","modified_gmt":"2024-10-21T19:38:11","slug":"terms","status":"publish","type":"page","link":"https:\/\/zonacuriosa.com.br\/de\/terms\/","title":{"rendered":"Nutzungsbedingungen \u2013 Curious Zone"},"content":{"rendered":"<div class=\"mx-5 sm:mx-0 prose leading-relaxed text-lg mb-5 text-left wp-paragraph\">\n<p>Aktualisiert am 18. Oktober 2024.<\/p>\n<\/div><div class=\"mx-5 sm:mx-0 prose leading-relaxed text-lg mb-5 text-left wp-paragraph\">\n<p>Zona Curiosa ist die Verwaltungsinstanz ihrer eigenen Website, die \u00fcber den Link aufgerufen werden kann <a style=\" color:;\" href=\"https:\/\/zonacuriosa.com.br\/de\/\">https:\/\/zonacuriosa.com.br\/<\/a>. Wenn wir \u201ewir\u201c oder \u201eunser\u201c sagen, beziehen wir uns auf das Verwaltungsteam der Zona Curiosa. Das Portal bietet eine gro\u00dfe Vielfalt an Informationen, Diensten und Inhalten. Der Zugriff darauf setzt voraus, dass Sie unseren Allgemeinen Gesch\u00e4ftsbedingungen und Richtlinien vollst\u00e4ndig zustimmen.<\/p>\n<\/div><div class=\"mx-5 sm:mx-0 prose leading-relaxed text-lg mb-5 text-left wp-paragraph\">\n<p>Die Website ist eine wichtige Quelle im digitalen Raum und bietet Bildungsinhalte und ausf\u00fchrliche Rezensionen zu einer Vielzahl von Produkten und Dienstleistungen, darunter Wissenswertes, aktuelle Ereignisse, Gesundheitsratschl\u00e4ge und Unterhaltung aus lokalen und internationalen Quellen.<\/p>\n<\/div><div class=\"mx-5 sm:mx-0 prose leading-relaxed text-lg mb-5 text-left wp-paragraph\">\n<p>Wir betonen, dass die Interaktion mit dieser Website die Annahme der Nutzungsbedingungen und Datenschutzrichtlinien erfordert, die unter verf\u00fcgbar sind <a style=\" color:;\" href=\"https:\/\/zonacuriosa.com.br\/de\/privacy\/\">https:\/\/zonacuriosa.com.br\/privacy\/<\/a>, in \u00dcbereinstimmung mit den einschl\u00e4gigen Rechtsvorschriften.<\/p>\n<\/div><div class=\"mx-5 sm:mx-0 prose leading-relaxed text-lg mb-5 text-left wp-paragraph\">\n<p>Die hier aufgef\u00fchrten Allgemeinen Nutzungsbedingungen zielen darauf ab, die Verantwortlichkeiten, Pflichten und Rechte aller Nutzer, die die Website von Zona Curiosa erkunden oder nutzen, zu kl\u00e4ren, wie im Einzelnen erl\u00e4utert wird.<\/p>\n<\/div><div class=\"mx-5 sm:mx-0 prose leading-relaxed text-lg mb-5 text-left wp-paragraph\">\n<p><strong>Es ist wichtig, dass Sie die Nutzungsbedingungen sorgf\u00e4ltig lesen, bevor Sie fortfahren. Wenn Sie mit den dargelegten Bedingungen nicht einverstanden sind, bitten wir Sie, die Dienste von Zona Curiosa nicht zu nutzen.<\/strong><\/p>\n<\/div><!--advertisement--><div class=\"mx-5 sm:mx-0 sm:text-3xl text-2xl font-medium title-font mb-4 text-gray-900 text-left\">\n<h2 class=\"wp-block-heading\">Abschnitt I \u2013 Zugang und Nutzung der Zona Curiosa<\/h2>\n<\/div><div class=\"mx-5 sm:mx-0 prose leading-relaxed text-lg mb-5 text-left wp-paragraph\">\n<p><strong>1.1 <\/strong>Durch das Surfen und Interagieren auf der Zona Curiosa-Website erkl\u00e4ren Sie sich als Benutzer mit der Einhaltung der Allgemeinen Nutzungsbedingungen sowie der auf der Website festgelegten Datenschutzrichtlinie einverstanden.<\/p>\n<\/div><div class=\"mx-5 sm:mx-0 prose leading-relaxed text-lg mb-5 text-left wp-paragraph\">\n<p><strong>1.2 <\/strong>Durch die Nutzung von Zona Curiosa erkl\u00e4ren Sie, dass Sie mindestens 18 Jahre alt und gesch\u00e4ftsf\u00e4hig sind, diese Nutzungsbedingungen zu akzeptieren und einzuhalten.<\/p>\n<\/div><div class=\"mx-5 sm:mx-0 prose leading-relaxed text-lg mb-5 text-left wp-paragraph\">\n<p><strong>1.3 <\/strong>Wenn Sie die Alters- oder Gesch\u00e4ftsf\u00e4higkeitsanforderungen nicht erf\u00fcllen oder mit den Nutzungsbedingungen nicht einverstanden sind, m\u00fcssen Sie den Zugriff auf und die Nutzung von Zona Curiosa sowie allen anderen damit verbundenen Websites oder Diensten unterlassen.<\/p>\n<\/div><!--advertisement--><div class=\"mx-5 sm:mx-0 sm:text-3xl text-2xl font-medium title-font mb-4 text-gray-900 text-left\">\n<h2 class=\"wp-block-heading\">Abschnitt II \u2013 Direkte Kommunikationskan\u00e4le<\/h2>\n<\/div><div class=\"mx-5 sm:mx-0 prose leading-relaxed text-lg mb-5 text-left wp-paragraph\">\n<p><strong>2.1 <\/strong>Zona Curiosa bietet einen Benutzerunterst\u00fctzungsdienst f\u00fcr Klarstellungen, die L\u00f6sung von Problemen, die Registrierung von Beschwerden oder den Erhalt zus\u00e4tzlicher Informationen \u00fcber die auf der Website verf\u00fcgbaren Produkte und Dienstleistungen an.<\/p>\n<\/div><div class=\"mx-5 sm:mx-0 prose leading-relaxed text-lg mb-5 text-left wp-paragraph\">\n<p><strong>2.2 <\/strong>Um Kontakt aufzunehmen, m\u00fcssen Benutzer das Formular ausf\u00fcllen, das verf\u00fcgbar ist unter: <a style=\" color:;\" href=\"https:\/\/zonacuriosa.com.br\/de\/contact\/\">https:\/\/zonacuriosa.com.br\/contact\/<\/a>.&nbsp;<\/p>\n<\/div><!--advertisement--><div class=\"mx-5 sm:mx-0 sm:text-3xl text-2xl font-medium title-font mb-4 text-gray-900 text-left\">\n<h2 class=\"wp-block-heading\">Abschnitt III \u2013 Pflichten und Verantwortlichkeiten<\/h2>\n<\/div><div class=\"mx-5 sm:mx-0 prose leading-relaxed text-lg mb-5 text-left wp-paragraph\">\n<p><strong>3.1 Verpflichtung zu den Bedingungen und Datenschutzbestimmungen<\/strong><\/p>\n<\/div><div class=\"mx-5 sm:mx-0 prose leading-relaxed text-lg mb-5 text-left wp-paragraph\">\n<p>Durch die Nutzung von Zona Curiosa best\u00e4tigen Sie, dass Sie alle Gesch\u00e4ftsbedingungen sowie die Datenschutzrichtlinie der Website gelesen, verstanden und akzeptiert haben.<\/p>\n<\/div><div class=\"mx-5 sm:mx-0 prose leading-relaxed text-lg mb-5 text-left wp-paragraph\">\n<p><strong>3.2 Links zu Websites Dritter<\/strong><\/p>\n<\/div><div class=\"mx-5 sm:mx-0 prose leading-relaxed text-lg mb-5 text-left wp-paragraph\">\n<p>Zona Curiosa stellt Links zu externen Websites bereit, die m\u00f6glicherweise Partnerdienste oder -produkte enthalten. Diese Links werden ohne direkte Verwaltung durch Zona Curiosa in Bezug auf diese Transaktionen bereitgestellt.<\/p>\n<\/div><div class=\"mx-5 sm:mx-0 prose leading-relaxed text-lg mb-5 text-left wp-paragraph\">\n<p><strong>3.3 Bedingungen der Partnerseiten<\/strong><\/p>\n<\/div><div class=\"mx-5 sm:mx-0 prose leading-relaxed text-lg mb-5 text-left wp-paragraph\">\n<p>Wenn Sie \u00fcber Zona Curiosa auf Partnerseiten zugreifen, m\u00fcssen Sie den spezifischen Nutzungsbedingungen und Datenschutzrichtlinien dieser externen Seiten zustimmen.<\/p>\n<\/div><div class=\"mx-5 sm:mx-0 prose leading-relaxed text-lg mb-5 text-left wp-paragraph\">\n<p><strong>3.4 Haftungsausschluss f\u00fcr Inhalte Dritter<\/strong><\/p>\n<\/div><div class=\"mx-5 sm:mx-0 prose leading-relaxed text-lg mb-5 text-left wp-paragraph\">\n<p>Zona Curiosa ist weder f\u00fcr die Informationen, Bedingungen oder Richtlinien von Produkten und Dienstleistungen Dritter noch f\u00fcr mit solchen Unternehmen durchgef\u00fchrte Transaktionen verantwortlich.<\/p>\n<\/div><div class=\"mx-5 sm:mx-0 prose leading-relaxed text-lg mb-5 text-left wp-paragraph\">\n<p><strong>3.5 Schutz vor Schadsoftware<\/strong><\/p>\n<\/div><div class=\"mx-5 sm:mx-0 prose leading-relaxed text-lg mb-5 text-left wp-paragraph\">\n<p>Zona Curiosa lehnt jede Haftung f\u00fcr Sch\u00e4den ab, die durch Viren oder andere Malware verursacht werden, die beim Surfen \u00fcbertragen werden k\u00f6nnen. Es wird empfohlen, aktuelle Sicherheitssoftware zu verwenden.<\/p>\n<\/div><div class=\"mx-5 sm:mx-0 prose leading-relaxed text-lg mb-5 text-left wp-paragraph\">\n<p><strong>3.6 Haftungsbeschr\u00e4nkung<\/strong><\/p>\n<\/div><div class=\"mx-5 sm:mx-0 prose leading-relaxed text-lg mb-5 text-left wp-paragraph\">\n<p>Zona Curiosa haftet nicht f\u00fcr Sch\u00e4den, die durch unsachgem\u00e4\u00dfe Nutzung der Website oder in F\u00e4llen h\u00f6herer Gewalt entstehen.<\/p>\n<\/div><div class=\"mx-5 sm:mx-0 prose leading-relaxed text-lg mb-5 text-left wp-paragraph\">\n<p><strong>3.7 Finanztransaktionen<\/strong><\/p>\n<\/div><div class=\"mx-5 sm:mx-0 prose leading-relaxed text-lg mb-5 text-left wp-paragraph\">\n<p>Zona Curiosa verlangt f\u00fcr die Freigabe von Finanzprodukten keine Zahlungen, Anzahlungen oder Bank\u00fcberweisungen.<\/p>\n<\/div><div class=\"mx-5 sm:mx-0 prose leading-relaxed text-lg mb-5 text-left wp-paragraph\">\n<p><strong>3.8 Sicherheitswarnungen<\/strong><\/p>\n<\/div><div class=\"mx-5 sm:mx-0 prose leading-relaxed text-lg mb-5 text-left wp-paragraph\">\n<p>Wir versenden keine E-Mails mit der Bitte um pers\u00f6nliche Informationen, Aufzeichnungen oder ausf\u00fchrbare Anh\u00e4nge. Sollten Sie solche E-Mails erhalten, teilen Sie uns dies bitte \u00fcber unser Kontaktformular unter mit <a style=\" color:;\" href=\"https:\/\/zonacuriosa.com.br\/de\/contact\/\">https:\/\/zonacuriosa.com.br\/contact\/<\/a>.&nbsp;<\/p>\n<\/div><!--advertisement--><div class=\"mx-5 sm:mx-0 sm:text-3xl text-2xl font-medium title-font mb-4 text-gray-900 text-left\">\n<h2 class=\"wp-block-heading\">Abschnitt IV \u2013 Verhaltensrichtlinien und -beschr\u00e4nkungen<\/h2>\n<\/div><div class=\"mx-5 sm:mx-0 prose leading-relaxed text-lg mb-5 text-left wp-paragraph\">\n<p>Die Nutzungsbedingungen von Zona Curiosa legen klare Regeln f\u00fcr die angemessene Interaktion mit unserer Website und den verf\u00fcgbaren Inhalten fest. Es ist strengstens verboten:<\/p>\n<\/div><div class=\"mx-5 sm:mx-0 prose text-left mb-5\">\n<ul><div class=\"mx-5 sm:mx-0 prose text-left mb-5\">\n<li>Nutzen Sie die Website zur F\u00f6rderung, Durchf\u00fchrung oder Unterst\u00fctzung illegaler Aktivit\u00e4ten und versto\u00dfen Sie so gegen geltende Gesetze und Vorschriften, sowohl lokal als auch international.<\/li>\n<\/div>\n\n<div class=\"mx-5 sm:mx-0 prose text-left mb-5\">\n<li>Durch die Interaktion mit unserer Website gegen Gesetze oder Vorschriften auf lokaler, staatlicher, nationaler oder internationaler Ebene versto\u00dfen.<\/li>\n<\/div>\n\n<div class=\"mx-5 sm:mx-0 prose text-left mb-5\">\n<li>Durch die unbefugte Nutzung von Inhalten geistige Eigentumsrechte verletzen, unabh\u00e4ngig davon, ob es sich um Materialien handelt, die Zona Curiosa oder Dritten geh\u00f6ren.<\/li>\n<\/div>\n\n<div class=\"mx-5 sm:mx-0 prose text-left mb-5\">\n<li>Verhaltensweisen wie Bel\u00e4stigung, Missbrauch, Verleumdung oder Diskriminierung von Einzelpersonen oder Gruppen aufgrund gesetzlich gesch\u00fctzter Eigenschaften.<\/li>\n<\/div>\n\n<div class=\"mx-5 sm:mx-0 prose text-left mb-5\">\n<li>Vors\u00e4tzliche Verbreitung falscher oder irref\u00fchrender Informationen, die die Zuverl\u00e4ssigkeit und Integrit\u00e4t der auf der Website angebotenen Inhalte beeintr\u00e4chtigen.<\/li>\n<\/div>\n\n<div class=\"mx-5 sm:mx-0 prose text-left mb-5\">\n<li>Verbreitung von Viren oder anderem Schadcode, der die Sicherheit unseres Dienstes, anderer verbundener Websites oder der Internetinfrastruktur gef\u00e4hrden k\u00f6nnte.<\/li>\n<\/div>\n\n<div class=\"mx-5 sm:mx-0 prose text-left mb-5\">\n<li>Sammeln oder \u00fcberwachen Sie personenbezogene Daten anderer Benutzer, ohne eine klare und ausdr\u00fcckliche Zustimmung einzuholen, und verletzen Sie so die Privatsph\u00e4re anderer.<\/li>\n<\/div>\n\n<div class=\"mx-5 sm:mx-0 prose text-left mb-5\">\n<li>Aktivit\u00e4ten wie Spam, Phishing, Pharming, Pretexting sowie Spidering-, Crawling- oder Scraping-Techniken durchf\u00fchren, die die Funktionalit\u00e4t der Website beeintr\u00e4chtigen.<\/li>\n<\/div>\n\n<div class=\"mx-5 sm:mx-0 prose text-left mb-5\">\n<li>Nutzen Sie die Website, um obsz\u00f6ne oder fragw\u00fcrdige Inhalte zu verbreiten, die gegen ethische und moralische Standards versto\u00dfen.<\/li>\n<\/div>\n\n<div class=\"mx-5 sm:mx-0 prose text-left mb-5\">\n<li>Versuchen Sie, die von Zona Curiosa oder verbundenen Unternehmen implementierten Sicherheitsma\u00dfnahmen zu umgehen, zu deaktivieren oder auf andere Weise zu gef\u00e4hrden.<\/li>\n<\/div><\/ul>\n<\/div><div class=\"mx-5 sm:mx-0 prose leading-relaxed text-lg mb-5 text-left wp-paragraph\">\n<p>Wir behalten uns das Recht vor, Ihren Zugriff auf unsere Dienste und zugeh\u00f6rigen Websites zu unterbrechen oder zu sperren, wenn Sie gegen diese Richtlinien versto\u00dfen.<\/p>\n<\/div><!--advertisement--><div class=\"mx-5 sm:mx-0 sm:text-3xl text-2xl font-medium title-font mb-4 text-gray-900 text-left\">\n<h2 class=\"wp-block-heading\">Abschnitt V \u2013 Garantiebedingungen und Haftungsbeschr\u00e4nkungen<\/h2>\n<\/div><div class=\"mx-5 sm:mx-0 prose leading-relaxed text-lg mb-5 text-left wp-paragraph\">\n<p>Der Zugriff auf unseren Dienst kann instabil sein und wir garantieren nicht, dass er v\u00f6llig sicher oder fehlerfrei ist. Wir \u00fcbernehmen auch keine Gew\u00e4hr f\u00fcr die Genauigkeit oder Zuverl\u00e4ssigkeit der Ergebnisse, die durch die Nutzung des Dienstes erzielt werden, der ohne vorherige Ank\u00fcndigung ausgesetzt oder unterbrochen werden kann.<\/p>\n<\/div><div class=\"mx-5 sm:mx-0 prose leading-relaxed text-lg mb-5 text-left wp-paragraph\">\n<p>Sie erkennen an und stimmen zu, dass die alleinige Verantwortung f\u00fcr die Nutzung oder Unm\u00f6glichkeit der Nutzung des Dienstes bei Ihnen liegt. Der Dienst wird \u201ewie besehen\u201c und \u201ewie verf\u00fcgbar\u201c ohne Gew\u00e4hrleistungen jeglicher Art, weder ausdr\u00fccklich noch stillschweigend, bereitgestellt.<\/p>\n<\/div><div class=\"mx-5 sm:mx-0 prose leading-relaxed text-lg mb-5 text-left wp-paragraph\">\n<p>Zona Curiosa und ihre Vertreter haften nicht f\u00fcr Sch\u00e4den, Verluste oder Anspr\u00fcche, die sich aus der Nutzung des Dienstes ergeben, einschlie\u00dflich, aber nicht beschr\u00e4nkt auf entgangenen Gewinn, Daten oder andere immaterielle Verluste, die sich aus der Nutzung von Diensten ergeben Produkte von Zona Curiosa.<\/p>\n<\/div><div class=\"mx-5 sm:mx-0 prose leading-relaxed text-lg mb-5 text-left wp-paragraph\">\n<p>In Gerichtsbarkeiten, die den Ausschluss oder die Beschr\u00e4nkung der Haftung f\u00fcr Folge- oder Nebensch\u00e4den nicht zulassen, ist unsere Haftung auf den nach geltendem Recht maximal zul\u00e4ssigen Umfang beschr\u00e4nkt.<\/p>\n<\/div><!--advertisement--><div class=\"mx-5 sm:mx-0 sm:text-3xl text-2xl font-medium title-font mb-4 text-gray-900 text-left\">\n<h2 class=\"wp-block-heading\">Abschnitt VI \u2013 G\u00fcltigkeit und Frist<\/h2>\n<\/div><div class=\"mx-5 sm:mx-0 prose leading-relaxed text-lg mb-5 text-left wp-paragraph\">\n<p><strong>6.1 Laufzeit<\/strong><\/p>\n<\/div><div class=\"mx-5 sm:mx-0 prose leading-relaxed text-lg mb-5 text-left wp-paragraph\">\n<p>Die Allgemeinen Nutzungsbedingungen von Zona Curiosa bleiben auf unbestimmte Zeit in Kraft, bis sie durch eine erneute Mitteilung ge\u00e4ndert oder widerrufen werden.<\/p>\n<\/div><div class=\"mx-5 sm:mx-0 prose leading-relaxed text-lg mb-5 text-left wp-paragraph\">\n<p><strong>6.2 Zeitliche Beschr\u00e4nkung rechtlicher Schritte<\/strong><\/p>\n<\/div><div class=\"mx-5 sm:mx-0 prose leading-relaxed text-lg mb-5 text-left wp-paragraph\">\n<p>Jegliche rechtliche Schritte oder Verwaltungsverfahren im Zusammenhang mit der Nutzung von Zona Curiosa, wie in diesen Nutzungsbedingungen oder der Datenschutzrichtlinie festgelegt, m\u00fcssen innerhalb einer Frist von maximal 90 Tagen nach dem Ereignis, das diese Ma\u00dfnahme veranlasst hat, eingeleitet werden.<\/p>\n<\/div><!--advertisement--><div class=\"mx-5 sm:mx-0 sm:text-3xl text-2xl font-medium title-font mb-4 text-gray-900 text-left\">\n<h2 class=\"wp-block-heading\">Abschnitt VII \u2013 Aktuelle Gesetzgebung und Gerichtsstand<\/h2>\n<\/div><div class=\"mx-5 sm:mx-0 prose leading-relaxed text-lg mb-5 text-left wp-paragraph\">\n<p>Die Nutzungsbedingungen und Datenschutzrichtlinien der Website unterliegen den Gesetzen der F\u00f6derativen Republik Brasilien. Dazu geh\u00f6rt die Einhaltung der Bundesverfassung, des B\u00fcrgerlichen Gesetzbuches, des Verbraucherschutzgesetzes, des Marco Civil da Internet und des Allgemeinen Gesetzes zum Schutz personenbezogener Daten.<\/p>\n<\/div><!--advertisement--><div class=\"mx-5 sm:mx-0 sm:text-3xl text-2xl font-medium title-font mb-4 text-gray-900 text-left\">\n<h2 class=\"wp-block-heading\">Abschnitt VIII \u2013 Geistiges Eigentum und Haftungsbeschr\u00e4nkungen<\/h2>\n<\/div><div class=\"mx-5 sm:mx-0 prose leading-relaxed text-lg mb-5 text-left wp-paragraph\">\n<p><strong>8.1 Schutz des geistigen Eigentums<\/strong><\/p>\n<\/div><div class=\"mx-5 sm:mx-0 prose leading-relaxed text-lg mb-5 text-left wp-paragraph\">\n<p>Alle auf Zona Curiosa verf\u00fcgbaren Inhalte, einschlie\u00dflich der von der Website und ihren Partnern bereitgestellten Inhalte, unterliegen dem Urheberrecht und den Gesetzen zum Schutz des geistigen Eigentums. Es ist verboten, diese Materialien ohne die ausdr\u00fcckliche schriftliche Genehmigung von Zona Curiosa zu reproduzieren, zu \u00e4ndern, zu verbreiten, anzuzeigen oder daraus abgeleitete Werke zu erstellen.<\/p>\n<\/div><div class=\"mx-5 sm:mx-0 prose leading-relaxed text-lg mb-5 text-left wp-paragraph\">\n<p><strong>8.2 Haftungsausschluss<\/strong><\/p>\n<\/div><div class=\"mx-5 sm:mx-0 prose leading-relaxed text-lg mb-5 text-left wp-paragraph\">\n<p>Zona Curiosa ist nicht verantwortlich f\u00fcr von Benutzern generierte Inhalte, wie etwa Kommentare in Foren oder sozialen Netzwerken, sowie f\u00fcr etwaige direkte oder indirekte Sch\u00e4den, die aus der Nutzung der Website entstehen k\u00f6nnen.<\/p>\n<\/div><div class=\"mx-5 sm:mx-0 prose leading-relaxed text-lg mb-5 text-left wp-paragraph\">\n<p><strong>8.3 Management von Verst\u00f6\u00dfen<\/strong><\/p>\n<\/div><div class=\"mx-5 sm:mx-0 prose leading-relaxed text-lg mb-5 text-left wp-paragraph\">\n<p>Zona Curiosa beh\u00e4lt sich das Recht vor, alle Inhalte zu entfernen, die gegen diese Bedingungen versto\u00dfen, insbesondere solche, die illegal, beleidigend oder verleumderisch sind oder die Rechte Dritter verletzen. Zona Curiosa kann auch die Konten von Benutzern sperren, die die festgelegten Bedingungen nicht einhalten.<\/p>\n<\/div><!--advertisement--><div class=\"mx-5 sm:mx-0 sm:text-3xl text-2xl font-medium title-font mb-4 text-gray-900 text-left\">\n<h2 class=\"wp-block-heading\">Abschnitt IX \u2013 \u00c4nderungen der Allgemeinen Gesch\u00e4ftsbedingungen<\/h2>\n<\/div><div class=\"mx-5 sm:mx-0 prose leading-relaxed text-lg mb-5 text-left wp-paragraph\">\n<p>Zona Curiosa beh\u00e4lt sich das Recht vor, jeden Aspekt seiner Dienste jederzeit zu \u00e4ndern, auszusetzen oder zu unterbrechen, ohne dass eine vorherige Ank\u00fcndigung erforderlich ist. Unter diesen Umst\u00e4nden ist es nicht erforderlich, Benutzern oder Dritten Erkl\u00e4rungen zu den vorgenommenen \u00c4nderungen zu geben.<\/p>\n<\/div><div class=\"mx-5 sm:mx-0 prose leading-relaxed text-lg mb-5 text-left wp-paragraph\">\n<p><strong>Die weitere Nutzung der Website nach solchen \u00c4nderungen stellt eine stillschweigende Annahme der ge\u00e4nderten Allgemeinen Gesch\u00e4ftsbedingungen dar. Wenn Sie mit den vorgeschlagenen \u00c4nderungen nicht einverstanden sind, wird empfohlen, die Nutzung der Website einzustellen.<\/strong><\/p>\n<\/div><!--advertisement--><div class=\"mx-5 sm:mx-0 sm:text-3xl text-2xl font-medium title-font mb-4 text-gray-900 text-left\">\n<h2 class=\"wp-block-heading\">Abschnitt X \u2013 Kontakt mit Zona Curiosa<\/h2>\n<\/div><div class=\"mx-5 sm:mx-0 prose leading-relaxed text-lg mb-5 text-left wp-paragraph\">\n<p>Bei Fragen oder Anregungen zu unseren Dienstleistungen empfehlen wir Ihnen, sich an unser Kundensupport-Team zu wenden. Besuchen <a style=\" color:;\" href=\"https:\/\/zonacuriosa.com.br\/de\/contact\/\">https:\/\/zonacuriosa.com.br\/contact\/<\/a> und f\u00fcllen Sie das Formular aus, um Ihre Nachricht effizient und direkt zu versenden.<\/p>\n<\/div>","protected":false},"excerpt":{"rendered":"<p>Atualizado em 18 de Outubro de 2024. O Zona Curiosa \u00e9 o ente gestor do seu pr\u00f3prio site, que pode ser acessado atrav\u00e9s do link https:\/\/zonacuriosa.com.br\/. Quando falamos &#8220;n\u00f3s&#8221; ou &#8220;nosso&#8221;, referimo-nos \u00e0 equipe administrativa do Zona Curiosa. O portal apresenta uma rica diversidade de informa\u00e7\u00f5es, servi\u00e7os e conte\u00fados, e acess\u00e1-lo implica em concordar plenamente&hellip; <a class=\"more-link\" href=\"https:\/\/zonacuriosa.com.br\/de\/terms\/\">Weiterlesen <span class=\"screen-reader-text\">Nutzungsbedingungen \u2013 Curious Zone<\/span><\/a><\/p>","protected":false},"author":113,"featured_media":0,"parent":0,"menu_order":0,"comment_status":"closed","ping_status":"closed","template":"","meta":{"footnotes":""},"yoast_head":"<!-- This site is optimized with the Yoast SEO plugin v23.3 - https:\/\/yoast.com\/wordpress\/plugins\/seo\/ -->\n<title>Termos de Uso - Zona Curiosa - Zona Curiosa<\/title>\n<meta name=\"robots\" content=\"index, follow, max-snippet:-1, max-image-preview:large, max-video-preview:-1\" \/>\n<link rel=\"canonical\" href=\"https:\/\/zonacuriosa.com.br\/de\/terms\/\" \/>\n<meta property=\"og:locale\" content=\"de_DE\" \/>\n<meta property=\"og:type\" content=\"article\" \/>\n<meta property=\"og:title\" content=\"Termos de Uso - Zona Curiosa - Zona Curiosa\" \/>\n<meta property=\"og:description\" content=\"Atualizado em 18 de Outubro de 2024. O Zona Curiosa \u00e9 o ente gestor do seu pr\u00f3prio site, que pode ser acessado atrav\u00e9s do link https:\/\/zonacuriosa.com.br\/. Quando falamos &#8220;n\u00f3s&#8221; ou &#8220;nosso&#8221;, referimo-nos \u00e0 equipe administrativa do Zona Curiosa. O portal apresenta uma rica diversidade de informa\u00e7\u00f5es, servi\u00e7os e conte\u00fados, e acess\u00e1-lo implica em concordar plenamente&hellip; Continue reading Termos de Uso &#8211; Zona Curiosa\" \/>\n<meta property=\"og:url\" content=\"https:\/\/zonacuriosa.com.br\/de\/terms\/\" \/>\n<meta property=\"og:site_name\" content=\"Zona Curiosa\" \/>\n<meta property=\"article:modified_time\" content=\"2024-10-21T19:38:11+00:00\" \/>\n<meta name=\"twitter:card\" content=\"summary_large_image\" \/>\n<meta name=\"twitter:label1\" content=\"Est. reading time\" \/>\n\t<meta name=\"twitter:data1\" content=\"7 Minuten\" \/>\n<script type=\"application\/ld+json\" class=\"yoast-schema-graph\">{\"@context\":\"https:\/\/schema.org\",\"@graph\":[{\"@type\":\"WebPage\",\"@id\":\"https:\/\/zonacuriosa.com.br\/terms\/\",\"url\":\"https:\/\/zonacuriosa.com.br\/terms\/\",\"name\":\"Termos de Uso - Zona Curiosa - Zona Curiosa\",\"isPartOf\":{\"@id\":\"https:\/\/zonacuriosa.com.br\/#website\"},\"datePublished\":\"2024-10-21T19:38:09+00:00\",\"dateModified\":\"2024-10-21T19:38:11+00:00\",\"breadcrumb\":{\"@id\":\"https:\/\/zonacuriosa.com.br\/terms\/#breadcrumb\"},\"inLanguage\":\"de-DE\",\"potentialAction\":[{\"@type\":\"ReadAction\",\"target\":[\"https:\/\/zonacuriosa.com.br\/terms\/\"]}]},{\"@type\":\"BreadcrumbList\",\"@id\":\"https:\/\/zonacuriosa.com.br\/terms\/#breadcrumb\",\"itemListElement\":[{\"@type\":\"ListItem\",\"position\":1,\"name\":\"Home\",\"item\":\"https:\/\/zonacuriosa.com.br\/\"},{\"@type\":\"ListItem\",\"position\":2,\"name\":\"Termos de Uso &#8211; Zona Curiosa\"}]},{\"@type\":\"WebSite\",\"@id\":\"https:\/\/zonacuriosa.com.br\/#website\",\"url\":\"https:\/\/zonacuriosa.com.br\/\",\"name\":\"Zona Curiosa\",\"description\":\"\",\"potentialAction\":[{\"@type\":\"SearchAction\",\"target\":{\"@type\":\"EntryPoint\",\"urlTemplate\":\"https:\/\/zonacuriosa.com.br\/?s={search_term_string}\"},\"query-input\":\"required name=search_term_string\"}],\"inLanguage\":\"de-DE\"}]}<\/script>\n<!-- \/ Yoast SEO plugin. -->","yoast_head_json":{"title":"Termos de Uso - Zona Curiosa - Zona Curiosa","robots":{"index":"index","follow":"follow","max-snippet":"max-snippet:-1","max-image-preview":"max-image-preview:large","max-video-preview":"max-video-preview:-1"},"canonical":"https:\/\/zonacuriosa.com.br\/de\/terms\/","og_locale":"de_DE","og_type":"article","og_title":"Termos de Uso - Zona Curiosa - Zona Curiosa","og_description":"Atualizado em 18 de Outubro de 2024. O Zona Curiosa \u00e9 o ente gestor do seu pr\u00f3prio site, que pode ser acessado atrav\u00e9s do link https:\/\/zonacuriosa.com.br\/. Quando falamos &#8220;n\u00f3s&#8221; ou &#8220;nosso&#8221;, referimo-nos \u00e0 equipe administrativa do Zona Curiosa. O portal apresenta uma rica diversidade de informa\u00e7\u00f5es, servi\u00e7os e conte\u00fados, e acess\u00e1-lo implica em concordar plenamente&hellip; Continue reading Termos de Uso &#8211; Zona Curiosa","og_url":"https:\/\/zonacuriosa.com.br\/de\/terms\/","og_site_name":"Zona Curiosa","article_modified_time":"2024-10-21T19:38:11+00:00","twitter_card":"summary_large_image","twitter_misc":{"Est. reading time":"7 Minuten"},"schema":{"@context":"https:\/\/schema.org","@graph":[{"@type":"WebPage","@id":"https:\/\/zonacuriosa.com.br\/terms\/","url":"https:\/\/zonacuriosa.com.br\/terms\/","name":"Termos de Uso - Zona Curiosa - Zona Curiosa","isPartOf":{"@id":"https:\/\/zonacuriosa.com.br\/#website"},"datePublished":"2024-10-21T19:38:09+00:00","dateModified":"2024-10-21T19:38:11+00:00","breadcrumb":{"@id":"https:\/\/zonacuriosa.com.br\/terms\/#breadcrumb"},"inLanguage":"de-DE","potentialAction":[{"@type":"ReadAction","target":["https:\/\/zonacuriosa.com.br\/terms\/"]}]},{"@type":"BreadcrumbList","@id":"https:\/\/zonacuriosa.com.br\/terms\/#breadcrumb","itemListElement":[{"@type":"ListItem","position":1,"name":"Home","item":"https:\/\/zonacuriosa.com.br\/"},{"@type":"ListItem","position":2,"name":"Termos de Uso &#8211; Zona Curiosa"}]},{"@type":"WebSite","@id":"https:\/\/zonacuriosa.com.br\/#website","url":"https:\/\/zonacuriosa.com.br\/","name":"Zona Curiosa","description":"","potentialAction":[{"@type":"SearchAction","target":{"@type":"EntryPoint","urlTemplate":"https:\/\/zonacuriosa.com.br\/?s={search_term_string}"},"query-input":"required name=search_term_string"}],"inLanguage":"de-DE"}]}},"_links":{"self":[{"href":"https:\/\/zonacuriosa.com.br\/de\/wp-json\/wp\/v2\/pages\/33546"}],"collection":[{"href":"https:\/\/zonacuriosa.com.br\/de\/wp-json\/wp\/v2\/pages"}],"about":[{"href":"https:\/\/zonacuriosa.com.br\/de\/wp-json\/wp\/v2\/types\/page"}],"author":[{"embeddable":true,"href":"https:\/\/zonacuriosa.com.br\/de\/wp-json\/wp\/v2\/users\/113"}],"replies":[{"embeddable":true,"href":"https:\/\/zonacuriosa.com.br\/de\/wp-json\/wp\/v2\/comments?post=33546"}],"version-history":[{"count":1,"href":"https:\/\/zonacuriosa.com.br\/de\/wp-json\/wp\/v2\/pages\/33546\/revisions"}],"predecessor-version":[{"id":33547,"href":"https:\/\/zonacuriosa.com.br\/de\/wp-json\/wp\/v2\/pages\/33546\/revisions\/33547"}],"wp:attachment":[{"href":"https:\/\/zonacuriosa.com.br\/de\/wp-json\/wp\/v2\/media?parent=33546"}],"curies":[{"name":"wp","href":"https:\/\/api.w.org\/{rel}","templated":true}]}}