{"id":2542,"date":"2020-09-24T05:25:19","date_gmt":"2020-09-24T08:25:19","guid":{"rendered":"https:\/\/zonacuriosa.com.br\/?page_id=2542"},"modified":"2026-03-13T19:25:41","modified_gmt":"2026-03-13T19:25:41","slug":"about","status":"publish","type":"page","link":"https:\/\/zonacuriosa.com.br\/de\/about\/","title":{"rendered":"\u00dcber die Neugierzone\u00a0"},"content":{"rendered":"<!--advertisement--><div class=\"mx-5 sm:mx-0 sm:text-3xl text-2xl font-medium title-font mb-4 text-gray-900 text-left\">\n<h2 class=\"wp-block-heading\"><strong>Informationen, die Ihre Neugier wecken.<\/strong><\/h2>\n<\/div><div class=\"mx-5 sm:mx-0 prose leading-relaxed text-lg mb-5 text-left wp-paragraph\">\n<p>Was bewegt Sie dazu, sich ein paar Minuten Zeit zu nehmen, um etwas Neues zu lesen? Eine \u00fcberraschende Tatsache, eine inspirierende Geschichte, eine interessante Nachricht oder ein einfacher Tipp, der Ihnen den Tag versch\u00f6nert? Wir bei Zona Curiosa glauben, dass Informationen die Kraft haben, Neugierde zu wecken, den Horizont zu erweitern und den Alltag interessanter zu gestalten.<\/p>\n<\/div><div class=\"mx-5 sm:mx-0 prose leading-relaxed text-lg mb-5 text-left wp-paragraph\">\n<p>Wir haben Zona Curiosa ins Leben gerufen, um informative, leicht verst\u00e4ndliche und ansprechende Inhalte zu einer Vielzahl von Themen zusammenzustellen, die uns alle betreffen. Hier finden Sie Nachrichten, Wissenswertes, Unterhaltung, inspirierende Geschichten, Tipps f\u00fcr ein ges\u00fcnderes Leben, Stellenangebote sowie Informationen zu Produkten und Dienstleistungen, die \u00fcber offizielle und \u00f6ffentliche Kan\u00e4le erh\u00e4ltlich sind. Unser Ziel ist es, das Entdecken neuer Themen einfach, unterhaltsam und n\u00fctzlich f\u00fcr Ihren Alltag zu gestalten.<\/p>\n<\/div><div class=\"mx-5 sm:mx-0 prose leading-relaxed text-lg mb-5 text-left wp-paragraph\">\n<p>Wir m\u00f6chten Ihnen nicht nur Informationen pr\u00e4sentieren, sondern Ihnen helfen, verschiedene Themen auf klare und praxisnahe Weise zu erkunden. Das Internet ist voller Daten, Trends und st\u00e4ndig neuer Entwicklungen. Unsere Aufgabe ist es, diese Informationen zu strukturieren und in leicht verst\u00e4ndliche Inhalte umzuwandeln, damit Sie bei jedem Besuch unserer Website etwas Neues lernen k\u00f6nnen.<\/p>\n<\/div><div class=\"mx-5 sm:mx-0 prose leading-relaxed text-lg mb-5 text-left wp-paragraph\">\n<p>Egal ob Sie eine kuriose Tatsache entdecken, einen Trend verstehen, eine interessante Geschichte erfahren oder einen Tipp zur Verbesserung Ihrer Routine finden m\u00f6chten, Zona Curiosa ist hier, um dieses Erlebnis leichter, n\u00fctzlicher und ansprechender zu gestalten.<\/p>\n<\/div><!--advertisement--><div class=\"mx-5 sm:mx-0 sm:text-3xl text-2xl font-medium title-font mb-4 text-gray-900 text-left\">\n<h2 class=\"wp-block-heading\"><strong>Unser Versprechen an Sie<\/strong><\/h2>\n<\/div><div class=\"mx-5 sm:mx-0 prose leading-relaxed text-lg mb-5 text-left wp-paragraph\">\n<p>Bei der Gr\u00fcndung von Zona Curiosa haben wir uns ein einfaches Ziel gesetzt: relevante Informationen transparent und verst\u00e4ndlich zu vermitteln. Unsere Inhalte basieren auf Recherchen, \u00f6ffentlichen Quellen und redaktioneller Analyse. Wir sind stets bestrebt, n\u00fctzliche Informationen verst\u00e4ndlich zu pr\u00e4sentieren.<\/p>\n<\/div><div class=\"mx-5 sm:mx-0 prose leading-relaxed text-lg mb-5 text-left wp-paragraph\">\n<p>Wir sind \u00fcberzeugt, dass informative Inhalte klar, verl\u00e4sslich und leicht zug\u00e4nglich sein sollten. Deshalb arbeitet unser Team daran, ein ausgewogenes Verh\u00e4ltnis zwischen Neugier, Information und Unterhaltung zu wahren.<\/p>\n<\/div><div class=\"mx-5 sm:mx-0 prose leading-relaxed text-lg mb-5 text-left wp-paragraph\">\n<p>Unser Versprechen an Sie umfasst:<\/p>\n<\/div><div class=\"mx-5 sm:mx-0 prose text-left mb-5\">\n<ul><div class=\"mx-5 sm:mx-0 prose text-left mb-5\">\n<li><strong>Informative Inhalte basierend auf \u00f6ffentlichen und \u00fcberpr\u00fcfbaren Quellen.<\/strong><strong><br><\/strong> Jeder Artikel auf Zona Curiosa basiert auf Informationen aus \u00f6ffentlichen Quellen, offiziellen Bekanntmachungen, Informationsmaterialien und verl\u00e4sslichen Recherchen. Unser Ziel ist es, diese Informationen \u00fcbersichtlich und leicht verst\u00e4ndlich aufzubereiten, damit Sie die wichtigsten Punkte jedes Themas schnell erfassen k\u00f6nnen.<br><\/li>\n<\/div>\n\n<div class=\"mx-5 sm:mx-0 prose text-left mb-5\">\n<li><strong>Einfache Sprache und leicht verst\u00e4ndliche Texte.<\/strong><strong><br><\/strong> Nicht jeder m\u00f6chte komplexe oder \u00fcberm\u00e4\u00dfig technische Texte lesen. Deshalb legen wir Wert auf eine klare und verst\u00e4ndliche Sprache. Wir m\u00f6chten, dass Sie die Inhalte unabh\u00e4ngig vom Thema leicht verstehen k\u00f6nnen.<br><\/li>\n<\/div>\n\n<div class=\"mx-5 sm:mx-0 prose text-left mb-5\">\n<li><strong>Vielfalt der Themen und Perspektiven<\/strong><strong><br><\/strong> Die Welt steckt voller interessanter Geschichten, \u00fcberraschender Fakten und n\u00fctzlicher Informationen, die oft unbemerkt bleiben. Unsere Inhalte beleuchten verschiedene Interessensgebiete \u2013 von Kultur und Verhalten \u00fcber historische Kuriosit\u00e4ten bis hin zu aktuellen Trends.<br><\/li>\n<\/div>\n\n<div class=\"mx-5 sm:mx-0 prose text-left mb-5\">\n<li><strong>Redaktionelle Transparenz<\/strong><strong><br><\/strong> Unser Portal arbeitet unabh\u00e4ngig. Wir ver\u00f6ffentlichen keine gesponserten Inhalte, die den redaktionellen Stil unserer Texte beeinflussen. Wir sind stets bestrebt, Informationen objektiv und ausgewogen darzustellen.<br><\/li>\n<\/div><\/ul>\n<\/div><div class=\"mx-5 sm:mx-0 prose leading-relaxed text-lg mb-5 text-left wp-paragraph\">\n<p>Wir legen Wert auf den Kontakt zu unseren Lesern. Bei Fragen, Anregungen oder Themenvorschl\u00e4gen f\u00fcr unsere Website k\u00f6nnen Sie uns \u00fcber unsere Kontaktseite erreichen.<\/p>\n<\/div><!--advertisement--><div class=\"mx-5 sm:mx-0 sm:text-3xl text-2xl font-medium title-font mb-4 text-gray-900 text-left\">\n<h2 class=\"wp-block-heading\"><strong>Was Sie in der Kuriosit\u00e4tenzone finden werden<\/strong><\/h2>\n<\/div><div class=\"mx-5 sm:mx-0 prose leading-relaxed text-lg mb-5 text-left wp-paragraph\">\n<p>Unsere Inhalte bieten Lesern mit unterschiedlichsten Interessen ein informatives und unterhaltsames Leseerlebnis. Jede Rubrik von Zona Curiosa behandelt Themen, die neue Ideen anregen, Wissen erweitern oder einfach Ihre Lesezeit bereichern k\u00f6nnen.<\/p>\n<\/div><div class=\"mx-5 sm:mx-0 prose leading-relaxed text-lg mb-5 text-left wp-paragraph\">\n<p>Hier finden Sie unter anderem folgende Inhalte:<\/p>\n<\/div><div class=\"mx-5 sm:mx-0 prose text-left mb-5\">\n<ul><div class=\"mx-5 sm:mx-0 prose text-left mb-5\">\n<li><strong>Interessante Neuigkeiten und Updates<\/strong><strong><br><\/strong> Die Welt ver\u00e4ndert sich rasant, und t\u00e4glich kommen neue Informationen hinzu. Bei Zona Curiosa finden Sie Inhalte, die Ihnen helfen, Ereignisse, Trends und Nachrichten auf einfache und verst\u00e4ndliche Weise zu erfassen.<br><\/li>\n<\/div>\n\n<div class=\"mx-5 sm:mx-0 prose text-left mb-5\">\n<li><strong>Interessante Fakten, die neue Perspektiven er\u00f6ffnen.<\/strong><strong><br><\/strong> Manche der faszinierendsten Geschichten enth\u00fcllen wenig bekannte Fakten. Wir erkunden historische, wissenschaftliche, kulturelle und soziale Kuriosit\u00e4ten, die Ihren Blick auf die Welt \u00fcberraschen und bereichern k\u00f6nnen.<br><\/li>\n<\/div>\n\n<div class=\"mx-5 sm:mx-0 prose text-left mb-5\">\n<li><strong>Unterhaltung und fesselnde Geschichten<\/strong><strong><br><\/strong> Geschichten geh\u00f6ren seit jeher zur Wissensvermittlung. Unser Portal vereint interessante Erz\u00e4hlungen, kulturelle Fakten und unterhaltsame Inhalte und macht das Lesen so noch angenehmer.<br><\/li>\n<\/div>\n\n<div class=\"mx-5 sm:mx-0 prose text-left mb-5\">\n<li><strong>Tipps f\u00fcr ein gesundes Leben<\/strong><strong><br><\/strong> Kleine Ver\u00e4nderungen im Alltag k\u00f6nnen einen gro\u00dfen Unterschied f\u00fcr das Wohlbefinden ausmachen. Deshalb besch\u00e4ftigen wir uns auch mit Themen wie gesunden Gewohnheiten, Lebensstil und pers\u00f6nlicher Balance \u2013 stets basierend auf allgemein zug\u00e4nglichen und weit verbreiteten Informationen.<br><\/li>\n<\/div>\n\n<div class=\"mx-5 sm:mx-0 prose text-left mb-5\">\n<li><strong>Informationen \u00fcber \u00f6ffentlich verf\u00fcgbare Produkte und Dienstleistungen<br><\/strong> In einigen unserer Inhalte erw\u00e4hnen wir Produkte, Dienstleistungen oder Angebote, die \u00fcber offizielle oder \u00f6ffentliche Kan\u00e4le erh\u00e4ltlich sind. Diese Inhalte dienen ausschlie\u00dflich der Information und sollen dem Leser helfen, sich \u00fcber Optionen zu informieren, die im jeweiligen Kontext relevant sein k\u00f6nnen.<br><\/li>\n<\/div>\n\n<div class=\"mx-5 sm:mx-0 prose text-left mb-5\">\n<li><strong>Stellen- und Karrierem\u00f6glichkeiten<\/strong> <br>Die richtige Stelle zu finden, kann Ihren Karriereweg ver\u00e4ndern. Deshalb besch\u00e4ftigen wir uns auch mit Inhalten zu diesem Thema... <strong>Stellenangebote, Markttrends, Karrieretipps und Wege zur beruflichen Weiterentwicklung.<\/strong>Unsere Informationen basieren stets auf \u00f6ffentlich zug\u00e4nglichen Daten, die \u00fcber offizielle Kan\u00e4le verbreitet werden. Unser Ziel ist es, Ihnen einen besseren \u00dcberblick \u00fcber die vielf\u00e4ltigen M\u00f6glichkeiten zu verschaffen und Wege aufzuzeigen, die zu Ihrem Profil und Ihren beruflichen Zielen passen k\u00f6nnten.<\/li>\n<\/div><\/ul>\n<\/div><div class=\"mx-5 sm:mx-0 prose leading-relaxed text-lg mb-5 text-left wp-paragraph\">\n<p>Unser Ziel ist es, nicht nur zu informieren, sondern auch Neugierde zu wecken und die Entdeckung neuer Themen zu f\u00f6rdern. Jeder Beitrag ist so gestaltet, dass Sie auf leichte und interessante Weise etwas Neues lernen k\u00f6nnen.<\/p>\n<\/div><!--advertisement--><div class=\"mx-5 sm:mx-0 sm:text-3xl text-2xl font-medium title-font mb-4 text-gray-900 text-left\">\n<h2 class=\"wp-block-heading\"><strong>Transparenz und rechtliche Hinweise<\/strong><\/h2>\n<\/div><div class=\"mx-5 sm:mx-0 prose leading-relaxed text-lg mb-5 text-left wp-paragraph\">\n<p>DER <strong>Neugierige Zone<\/strong> Es fungiert als unabh\u00e4ngiges Informationsportal. Wir verkaufen keine Produkte, bieten keine kommerziellen Dienstleistungen an und stehen in keiner direkten Verbindung zu den in unseren Inhalten erw\u00e4hnten Unternehmen oder Organisationen.<\/p>\n<\/div><div class=\"mx-5 sm:mx-0 prose leading-relaxed text-lg mb-5 text-left wp-paragraph\">\n<p>Hier sind einige wichtige Dinge, die Sie wissen sollten:<\/p>\n<\/div><div class=\"mx-5 sm:mx-0 prose text-left mb-5\">\n<ul><div class=\"mx-5 sm:mx-0 prose text-left mb-5\">\n<li><strong>Wir bieten keine Produkte oder Dienstleistungen direkt an.<\/strong><strong><br><\/strong> Unsere Website bietet ausschlie\u00dflich Informationen \u00fcber Produkte, Dienstleistungen oder Angebote, die \u00fcber offizielle oder \u00f6ffentlich zug\u00e4ngliche Kan\u00e4le verf\u00fcgbar sind. Wir t\u00e4tigen keine Verk\u00e4ufe, vermitteln keine Vertr\u00e4ge und vertreten keine in unseren Artikeln erw\u00e4hnten Unternehmen.<br><\/li>\n<\/div>\n\n<div class=\"mx-5 sm:mx-0 prose text-left mb-5\">\n<li><strong>Wir stehen in keiner Verbindung zu den genannten Unternehmen oder Marken.<\/strong><strong><br><\/strong> Die Tatsache, dass wir ein Produkt, eine Dienstleistung, eine Marke oder eine Plattform in unseren Inhalten erw\u00e4hnen, bedeutet nicht, dass wir irgendeine Art von Partnerschaft, Verbindung oder Gesch\u00e4ftsbeziehung mit diesen Unternehmen unterhalten.<br><\/li>\n<\/div>\n\n<div class=\"mx-5 sm:mx-0 prose text-left mb-5\">\n<li><strong>Informationen k\u00f6nnen sich im Laufe der Zeit \u00e4ndern.<\/strong><strong><br><\/strong> Produkte, Dienstleistungen und Angebote k\u00f6nnen von ihren jeweiligen Inhabern jederzeit ge\u00e4ndert, aktualisiert oder entfernt werden. Zona Curiosa hat keinen Einfluss auf diese \u00c4nderungen und \u00fcbernimmt keine Verantwortung f\u00fcr \u00c4nderungen durch Dritte.<br><\/li>\n<\/div>\n\n<div class=\"mx-5 sm:mx-0 prose text-left mb-5\">\n<li><strong>Die Verf\u00fcgbarkeit des Dienstes kann variieren.<\/strong><strong><br><\/strong> Einige der genannten Angebote oder Dienstleistungen sind m\u00f6glicherweise nicht in allen L\u00e4ndern oder Regionen verf\u00fcgbar. Wir empfehlen Ihnen daher, sich vor einer Entscheidung direkt auf der offiziellen Webseite des Anbieters zu informieren.<br><\/li>\n<\/div><\/ul>\n<\/div><div class=\"mx-5 sm:mx-0 prose leading-relaxed text-lg mb-5 text-left wp-paragraph\">\n<p>Unser Ziel ist es, n\u00fctzliche und \u00fcbersichtliche Informationen bereitzustellen, die endg\u00fcltige Entscheidung bez\u00fcglich eines Produkts oder einer Dienstleistung sollte jedoch stets vom Leser selbst nach Konsultation offizieller Kan\u00e4le getroffen werden.<\/p>\n<\/div><!--advertisement--><div class=\"mx-5 sm:mx-0 sm:text-3xl text-2xl font-medium title-font mb-4 text-gray-900 text-left\">\n<h2 class=\"wp-block-heading\"><strong>Urheberrecht und geistiges Eigentum<\/strong><\/h2>\n<\/div><div class=\"mx-5 sm:mx-0 prose leading-relaxed text-lg mb-5 text-left wp-paragraph\">\n<p>Alle auf Zona Curiosa ver\u00f6ffentlichten Originalinhalte, einschlie\u00dflich Texte, redaktionelle Struktur, visuelle Elemente und vom Team des Portals erstellte Materialien, sind durch Urheberrechte und Gesetze zum Schutz des geistigen Eigentums gesch\u00fctzt.<\/p>\n<\/div><div class=\"mx-5 sm:mx-0 prose leading-relaxed text-lg mb-5 text-left wp-paragraph\">\n<p>Das bedeutet Folgendes:<\/p>\n<\/div><div class=\"mx-5 sm:mx-0 prose text-left mb-5\">\n<ul><div class=\"mx-5 sm:mx-0 prose text-left mb-5\">\n<li>Die Inhalte dieser Website d\u00fcrfen ohne vorherige Genehmigung weder reproduziert, weiterverbreitet noch erneut ver\u00f6ffentlicht werden.<br><\/li>\n<\/div>\n\n<div class=\"mx-5 sm:mx-0 prose text-left mb-5\">\n<li>Bei der Verwendung unserer Texte oder Materialien muss stets die korrekte Quellenangabe und der Verweis auf die Originalquelle erfolgen.<br><\/li>\n<\/div><\/ul>\n<\/div><div class=\"mx-5 sm:mx-0 prose leading-relaxed text-lg mb-5 text-left wp-paragraph\">\n<p>Gleichzeitig respektieren wir uneingeschr\u00e4nkt die geistigen Eigentumsrechte anderer.<\/p>\n<\/div><div class=\"mx-5 sm:mx-0 prose leading-relaxed text-lg mb-5 text-left wp-paragraph\">\n<p>In unseren Inhalten k\u00f6nnen wir Folgendes erw\u00e4hnen oder anzeigen:<\/p>\n<\/div><div class=\"mx-5 sm:mx-0 prose text-left mb-5\">\n<ul><div class=\"mx-5 sm:mx-0 prose text-left mb-5\">\n<li>Markennamen<br><\/li>\n<\/div>\n\n<div class=\"mx-5 sm:mx-0 prose text-left mb-5\">\n<li>Logos<br><\/li>\n<\/div>\n\n<div class=\"mx-5 sm:mx-0 prose text-left mb-5\">\n<li>Bilder<br><\/li>\n<\/div>\n\n<div class=\"mx-5 sm:mx-0 prose text-left mb-5\">\n<li>Verweise auf Produkte oder Dienstleistungen<br><\/li>\n<\/div><\/ul>\n<\/div><div class=\"mx-5 sm:mx-0 prose leading-relaxed text-lg mb-5 text-left wp-paragraph\">\n<p>Diese Elemente geh\u00f6ren ausschlie\u00dflich ihren jeweiligen Eigent\u00fcmern und werden nur zu Informations-, redaktionellen oder \u00f6ffentlichen Referenzzwecken verwendet.<\/p>\n<\/div><div class=\"mx-5 sm:mx-0 prose leading-relaxed text-lg mb-5 text-left wp-paragraph\">\n<p>Wenn Sie Inhaber von Urheberrechten oder Markenvertreter sind und der Ansicht sind, dass auf Zona Curiosa ver\u00f6ffentlichte Inhalte gegen geistige Eigentumsrechte versto\u00dfen, empfehlen wir Ihnen, sich mit uns in Verbindung zu setzen, damit wir die Situation analysieren und geeignete Ma\u00dfnahmen ergreifen k\u00f6nnen.<\/p>\n<\/div><!--advertisement--><div class=\"mx-5 sm:mx-0 sm:text-3xl text-2xl font-medium title-font mb-4 text-gray-900 text-left\">\n<h2 class=\"wp-block-heading\"><strong>Unsere Mission<\/strong><\/h2>\n<\/div><div class=\"mx-5 sm:mx-0 prose leading-relaxed text-lg mb-5 text-left wp-paragraph\">\n<p>Die digitale Welt bietet eine F\u00fclle an Informationen, doch es ist nicht immer einfach, klare, strukturierte und interessante Inhalte zu finden. Zona Curiosa wurde mit dem Ziel gegr\u00fcndet, diesen Prozess zu vereinfachen.<\/p>\n<\/div><div class=\"mx-5 sm:mx-0 prose leading-relaxed text-lg mb-5 text-left wp-paragraph\">\n<p>Wir m\u00f6chten, dass jeder Besuch auf der Website eine Gelegenheit bietet, etwas Neues zu entdecken, etwas N\u00fctzliches zu lernen oder einfach ein paar Minuten interessante Lekt\u00fcre zu genie\u00dfen.<\/p>\n<\/div><div class=\"mx-5 sm:mx-0 prose leading-relaxed text-lg mb-5 text-left wp-paragraph\">\n<p>Neugierde treibt Wissen an \u2013 und wir hoffen, dass Zona Curiosa auch weiterhin ein Ort bleibt, an dem neue Ideen, Geschichten und Informationen zusammenkommen, um Sie jeden Tag zu inspirieren.<\/p>\n<\/div><!--advertisement--><div class=\"mx-5 sm:mx-0 sm:text-3xl text-2xl font-medium title-font mb-4 text-gray-900 text-left\">\n<h3 class=\"wp-block-heading\"><em>Rechtlicher Hinweis<\/em><\/h3>\n<\/div><div class=\"mx-5 sm:mx-0 prose leading-relaxed text-lg mb-5 text-left wp-paragraph\">\n<p><em>Die auf Zona Curiosa bereitgestellten Gesundheitstipps dienen ausschlie\u00dflich Informationszwecken und ersetzen keine professionelle medizinische Beratung, Diagnose oder Behandlung. Wenn Sie Bedenken oder Fragen zu Ihrer Gesundheit haben, wenden Sie sich immer an einen Arzt oder eine andere qualifizierte medizinische Fachkraft. Missachten Sie niemals professionellen medizinischen Rat aufgrund von etwas, das Sie auf unserer Website gelesen haben.<\/em><\/p>\n<\/div>","protected":false},"excerpt":{"rendered":"<p>Informa\u00e7\u00e3o que desperta sua curiosidade O que faz voc\u00ea parar por alguns minutos para ler algo novo? Uma curiosidade surpreendente, uma hist\u00f3ria que inspira, uma not\u00edcia interessante ou uma dica simples que pode melhorar seu dia? No Zona Curiosa, acreditamos que a informa\u00e7\u00e3o tem o poder de despertar curiosidade, ampliar perspectivas e tornar o cotidiano&hellip; <a class=\"more-link\" href=\"https:\/\/zonacuriosa.com.br\/de\/about\/\">Weiterlesen <span class=\"screen-reader-text\">\u00dcber die Neugierzone\u00a0<\/span><\/a><\/p>","protected":false},"author":113,"featured_media":2564,"parent":0,"menu_order":0,"comment_status":"closed","ping_status":"closed","template":"","meta":{"footnotes":""},"yoast_head":"<!-- This site is optimized with the Yoast SEO plugin v23.3 - https:\/\/yoast.com\/wordpress\/plugins\/seo\/ -->\n<title>Sobre Zona Curiosa\u00a0 - Zona Curiosa<\/title>\n<meta name=\"robots\" content=\"index, follow, max-snippet:-1, max-image-preview:large, max-video-preview:-1\" \/>\n<link rel=\"canonical\" href=\"https:\/\/zonacuriosa.com.br\/de\/about\/\" \/>\n<meta property=\"og:locale\" content=\"de_DE\" \/>\n<meta property=\"og:type\" content=\"article\" \/>\n<meta property=\"og:title\" content=\"Sobre Zona Curiosa\u00a0 - Zona Curiosa\" \/>\n<meta property=\"og:description\" content=\"Informa\u00e7\u00e3o que desperta sua curiosidade O que faz voc\u00ea parar por alguns minutos para ler algo novo? Uma curiosidade surpreendente, uma hist\u00f3ria que inspira, uma not\u00edcia interessante ou uma dica simples que pode melhorar seu dia? No Zona Curiosa, acreditamos que a informa\u00e7\u00e3o tem o poder de despertar curiosidade, ampliar perspectivas e tornar o cotidiano&hellip; Continue reading Sobre Zona Curiosa\u00a0\" \/>\n<meta property=\"og:url\" content=\"https:\/\/zonacuriosa.com.br\/de\/about\/\" \/>\n<meta property=\"og:site_name\" content=\"Zona Curiosa\" \/>\n<meta property=\"article:modified_time\" content=\"2026-03-13T19:25:41+00:00\" \/>\n<meta name=\"twitter:card\" content=\"summary_large_image\" \/>\n<meta name=\"twitter:label1\" content=\"Est. reading time\" \/>\n\t<meta name=\"twitter:data1\" content=\"8 Minuten\" \/>\n<script type=\"application\/ld+json\" class=\"yoast-schema-graph\">{\"@context\":\"https:\/\/schema.org\",\"@graph\":[{\"@type\":\"WebPage\",\"@id\":\"https:\/\/zonacuriosa.com.br\/about\/\",\"url\":\"https:\/\/zonacuriosa.com.br\/about\/\",\"name\":\"Sobre Zona Curiosa\u00a0 - Zona Curiosa\",\"isPartOf\":{\"@id\":\"https:\/\/zonacuriosa.com.br\/#website\"},\"primaryImageOfPage\":{\"@id\":\"https:\/\/zonacuriosa.com.br\/about\/#primaryimage\"},\"image\":{\"@id\":\"https:\/\/zonacuriosa.com.br\/about\/#primaryimage\"},\"thumbnailUrl\":\"\",\"datePublished\":\"2020-09-24T08:25:19+00:00\",\"dateModified\":\"2026-03-13T19:25:41+00:00\",\"breadcrumb\":{\"@id\":\"https:\/\/zonacuriosa.com.br\/about\/#breadcrumb\"},\"inLanguage\":\"de-DE\",\"potentialAction\":[{\"@type\":\"ReadAction\",\"target\":[\"https:\/\/zonacuriosa.com.br\/about\/\"]}]},{\"@type\":\"ImageObject\",\"inLanguage\":\"de-DE\",\"@id\":\"https:\/\/zonacuriosa.com.br\/about\/#primaryimage\",\"url\":\"\",\"contentUrl\":\"\"},{\"@type\":\"BreadcrumbList\",\"@id\":\"https:\/\/zonacuriosa.com.br\/about\/#breadcrumb\",\"itemListElement\":[{\"@type\":\"ListItem\",\"position\":1,\"name\":\"Home\",\"item\":\"https:\/\/zonacuriosa.com.br\/\"},{\"@type\":\"ListItem\",\"position\":2,\"name\":\"Sobre Zona Curiosa\u00a0\"}]},{\"@type\":\"WebSite\",\"@id\":\"https:\/\/zonacuriosa.com.br\/#website\",\"url\":\"https:\/\/zonacuriosa.com.br\/\",\"name\":\"Zona Curiosa\",\"description\":\"\",\"potentialAction\":[{\"@type\":\"SearchAction\",\"target\":{\"@type\":\"EntryPoint\",\"urlTemplate\":\"https:\/\/zonacuriosa.com.br\/?s={search_term_string}\"},\"query-input\":\"required name=search_term_string\"}],\"inLanguage\":\"de-DE\"}]}<\/script>\n<!-- \/ Yoast SEO plugin. -->","yoast_head_json":{"title":"Sobre Zona Curiosa\u00a0 - Zona Curiosa","robots":{"index":"index","follow":"follow","max-snippet":"max-snippet:-1","max-image-preview":"max-image-preview:large","max-video-preview":"max-video-preview:-1"},"canonical":"https:\/\/zonacuriosa.com.br\/de\/about\/","og_locale":"de_DE","og_type":"article","og_title":"Sobre Zona Curiosa\u00a0 - Zona Curiosa","og_description":"Informa\u00e7\u00e3o que desperta sua curiosidade O que faz voc\u00ea parar por alguns minutos para ler algo novo? Uma curiosidade surpreendente, uma hist\u00f3ria que inspira, uma not\u00edcia interessante ou uma dica simples que pode melhorar seu dia? No Zona Curiosa, acreditamos que a informa\u00e7\u00e3o tem o poder de despertar curiosidade, ampliar perspectivas e tornar o cotidiano&hellip; Continue reading Sobre Zona Curiosa\u00a0","og_url":"https:\/\/zonacuriosa.com.br\/de\/about\/","og_site_name":"Zona Curiosa","article_modified_time":"2026-03-13T19:25:41+00:00","twitter_card":"summary_large_image","twitter_misc":{"Est. reading time":"8 Minuten"},"schema":{"@context":"https:\/\/schema.org","@graph":[{"@type":"WebPage","@id":"https:\/\/zonacuriosa.com.br\/about\/","url":"https:\/\/zonacuriosa.com.br\/about\/","name":"Sobre Zona Curiosa\u00a0 - Zona Curiosa","isPartOf":{"@id":"https:\/\/zonacuriosa.com.br\/#website"},"primaryImageOfPage":{"@id":"https:\/\/zonacuriosa.com.br\/about\/#primaryimage"},"image":{"@id":"https:\/\/zonacuriosa.com.br\/about\/#primaryimage"},"thumbnailUrl":"","datePublished":"2020-09-24T08:25:19+00:00","dateModified":"2026-03-13T19:25:41+00:00","breadcrumb":{"@id":"https:\/\/zonacuriosa.com.br\/about\/#breadcrumb"},"inLanguage":"de-DE","potentialAction":[{"@type":"ReadAction","target":["https:\/\/zonacuriosa.com.br\/about\/"]}]},{"@type":"ImageObject","inLanguage":"de-DE","@id":"https:\/\/zonacuriosa.com.br\/about\/#primaryimage","url":"","contentUrl":""},{"@type":"BreadcrumbList","@id":"https:\/\/zonacuriosa.com.br\/about\/#breadcrumb","itemListElement":[{"@type":"ListItem","position":1,"name":"Home","item":"https:\/\/zonacuriosa.com.br\/"},{"@type":"ListItem","position":2,"name":"Sobre Zona Curiosa\u00a0"}]},{"@type":"WebSite","@id":"https:\/\/zonacuriosa.com.br\/#website","url":"https:\/\/zonacuriosa.com.br\/","name":"Zona Curiosa","description":"","potentialAction":[{"@type":"SearchAction","target":{"@type":"EntryPoint","urlTemplate":"https:\/\/zonacuriosa.com.br\/?s={search_term_string}"},"query-input":"required name=search_term_string"}],"inLanguage":"de-DE"}]}},"_links":{"self":[{"href":"https:\/\/zonacuriosa.com.br\/de\/wp-json\/wp\/v2\/pages\/2542"}],"collection":[{"href":"https:\/\/zonacuriosa.com.br\/de\/wp-json\/wp\/v2\/pages"}],"about":[{"href":"https:\/\/zonacuriosa.com.br\/de\/wp-json\/wp\/v2\/types\/page"}],"author":[{"embeddable":true,"href":"https:\/\/zonacuriosa.com.br\/de\/wp-json\/wp\/v2\/users\/113"}],"replies":[{"embeddable":true,"href":"https:\/\/zonacuriosa.com.br\/de\/wp-json\/wp\/v2\/comments?post=2542"}],"version-history":[{"count":4,"href":"https:\/\/zonacuriosa.com.br\/de\/wp-json\/wp\/v2\/pages\/2542\/revisions"}],"predecessor-version":[{"id":98770,"href":"https:\/\/zonacuriosa.com.br\/de\/wp-json\/wp\/v2\/pages\/2542\/revisions\/98770"}],"wp:featuredmedia":[{"embeddable":true,"href":"https:\/\/zonacuriosa.com.br\/de\/wp-json\/"}],"wp:attachment":[{"href":"https:\/\/zonacuriosa.com.br\/de\/wp-json\/wp\/v2\/media?parent=2542"}],"curies":[{"name":"wp","href":"https:\/\/api.w.org\/{rel}","templated":true}]}}